{"id":853,"date":"2018-10-28T11:08:22","date_gmt":"2018-10-28T11:08:22","guid":{"rendered":"http:\/\/laser-av.com\/?page_id=853"},"modified":"2023-08-25T07:15:21","modified_gmt":"2023-08-25T07:15:21","slug":"politica-de-cookies","status":"publish","type":"page","link":"https:\/\/laser-av.com\/es\/politica-de-cookies\/","title":{"rendered":"Pol\u00edtica de cookies"},"content":{"rendered":"<h4 class=\"block-title uppercase bold\">\u00bfQu\u00e9 son las Cookies?<\/h4>\n<p>Este sitio web utiliza cookies y\/o tecnolog\u00edas similares que almacenan y recuperan informaci\u00f3n cuando navegas. En general, estas tecnolog\u00edas pueden servir para finalidades muy diversas, como, por ejemplo, reconocerte como usuario, obtener informaci\u00f3n sobre tus h\u00e1bitos de navegaci\u00f3n, o personalizar la forma en que se muestra el contenido. Los usos concretos que hacemos de estas tecnolog\u00edas se describen a continuaci\u00f3n.<\/p>\n<h4 class=\"block-title uppercase bold\">\u00bfPara qu\u00e9 utiliza las cookies esta p\u00e1gina web?<\/h4>\n<p>Esta p\u00e1gina web utiliza las cookies para una serie de finalidades, incluidas:<\/p>\n<ul>\n<li>\n<p lang=\"es-ES\"><span style=\"font-size: small;\"><strong><span style=\"font-size: medium;\">An\u00e1lisis<\/span><\/strong><span style=\"font-size: medium;\">: son aquellas que, tratadas por nosotros o por terceros, nos permiten cuantificar el n\u00famero de usuarios y as\u00ed realizar la medici\u00f3n y an\u00e1lisis estad\u00edstico de la utilizaci\u00f3n que hacen los usuarios del servicio ofertado. Para ello se analiza su navegaci\u00f3n en nuestra p\u00e1gina web con el fin de mejorar la oferta de productos o servicios que le ofrecemos.<\/span><\/span><\/p>\n<\/li>\n<li>\n<p lang=\"es-ES\"><span style=\"font-size: small;\"><span style=\"font-size: medium;\"><strong>Publicitarias<\/strong><b>: <\/b><\/span><span style=\"font-size: medium;\">son aquellas que, tratadas por nosotros o por terceros, nos permiten analizar sus h\u00e1bitos de navegaci\u00f3n en Internet para que <\/span><\/span><span style=\"font-size: medium;\">podamos mostrarle publicidad relacionada con su perfil de navegaci\u00f3n.<\/span><\/p>\n<\/li>\n<\/ul>\n<h4 class=\"block-title uppercase bold\">\u00bfQui\u00e9n utiliza las cookies en esta p\u00e1gina web?<\/h4>\n<p>La identificaci\u00f3n de qui\u00e9n utiliza las cookies, el tipo de cookies utilizadas y dem\u00e1s detalles, se indica a continuaci\u00f3n:<\/p>\n<h4 class=\"block-title uppercase bold\">Cookies propias<\/h4>\n<div class=\"row\">\n<div class=\"col-md-3\"><strong>Entidad que utiliza las cookies<\/strong><\/div>\n<div class=\"col-md-3\"><strong>Cookies<\/strong><\/div>\n<div class=\"col-md-4\"><strong>Prop\u00f3sito<\/strong><\/div>\n<div class=\"col-md-2\"><strong>Periodo de conservaci\u00f3n<\/strong><\/div>\n<hr \/>\n<div class=\"col-md-3\">El propietario de esta web<\/div>\n<div class=\"col-md-3\">Propias<\/div>\n<div class=\"col-md-4\">Mejorar la navegaci\u00f3n de los usuarios<\/div>\n<div class=\"col-md-2\">Sesi\u00f3n<\/div>\n<hr \/>\n<\/div>\n<h4><\/h4>\n<h4 class=\"block-title uppercase bold\">Cookies de terceros<\/h4>\n<div class=\"row\">\n<div class=\"col-md-3\"><strong>Entidad que utiliza las cookies<\/strong><\/div>\n<div class=\"col-md-6\"><strong>Prop\u00f3sito<\/strong><\/div>\n<div class=\"col-md-3\"><strong>M\u00e1s informaci\u00f3n<\/strong><\/div>\n<hr \/>\n<div class=\"col-md-3\">Google Analytics<\/div>\n<div class=\"col-md-6\">Recoger informaci\u00f3n sobre la navegaci\u00f3n de los usuarios por el sitio con el fin de conocer el origen de las visitas y otros datos similares a nivel estad\u00edstico.<\/div>\n<div class=\"col-md-3\"><a href=\"https:\/\/developers.google.com\/analytics\/devguides\/collection\/analyticsjs\/cookie-usage\">Google Analytics<\/a><br \/>\n<a href=\"https:\/\/policies.google.com\/privacy?hl=es\">Centro de privacidad de Google<\/a><\/div>\n<hr \/>\n<\/div>\n<p>&nbsp;<\/p>\n<p>Nota: Las cookies de tipo \u201cPropias\u201d son utilizadas s\u00f3lo por el propietario de esta web y las cookies \u201cDe terceros\u201d son utilizadas, tambi\u00e9n, por el prestador del servicio que est\u00e1 detallado la tabla anterior. Puede informarse de las transferencias a terceros pa\u00edses que, en su caso, realizan los terceros identificados en esta pol\u00edtica de cookies en sus correspondientes pol\u00edticas (ver los enlaces facilitados en el apartado \u201cM\u00e1s informaci\u00f3n\u201d de la tabla anterior).<\/p>\n<h4 class=\"block-title uppercase bold\">\u00bfC\u00f3mo puedo desactivar o eliminar estas cookies?<\/h4>\n<p>Puede usted permitir o bloquear las cookies, as\u00ed como borrar sus datos de navegaci\u00f3n (incluidas las cookies) desde el navegador que usted utiliza. Consulte las opciones e instrucciones que ofrece su navegador para ello. Tenga en cuenta que si acepta las cookies de terceros, deber\u00e1 eliminarlas desde las opciones del navegador.<\/p>\n<p>A continuaci\u00f3n tiene disponibles los enlaces con la informaci\u00f3n para gestionar las cookies de los navegadores m\u00e1s utilizados:<\/p>\n<ul class=\"fa-ul browsers-links margin-top\">\n<li>Firefox: <a href=\"http:\/\/support.mozilla.org\/es\/kb\/habilitar-y-deshabilitar-cookies-que-los-sitios-we\">http:\/\/support.mozilla.org\/es\/kb\/habilitar-y-deshabilitar-cookies-que-los-sitios-we<\/a><\/li>\n<li>Chrome: <a href=\"http:\/\/support.google.com\/chrome\/bin\/answer.py?hl=es&amp;answer=95647\">http:\/\/support.google.com\/chrome\/bin\/answer.py?hl=es&amp;answer=95647<\/a><\/li>\n<li>Internet Explorer: <a href=\"https:\/\/support.microsoft.com\/es-es\/help\/278835\/how-to-delete-cookie-files-in-internet-explorer\">https:\/\/support.microsoft.com\/es-es\/help\/278835\/how-to-delete-cookie-files-in-internet-explorer<\/a><\/li>\n<li>Microsoft Edge: <a href=\"https:\/\/support.microsoft.com\/es-es\/help\/4468242\/microsoft-edge-browsing-data-and-privacy-microsoft-privacy\">https:\/\/support.microsoft.com\/es-es\/help\/4468242\/microsoft-edge-browsing-data-and-privacy-microsoft-privacy<\/a><\/li>\n<li>Safari: <a href=\"http:\/\/support.apple.com\/kb\/ph5042\">http:\/\/support.apple.com\/kb\/ph5042<\/a><\/li>\n<li>Opera: <a href=\"http:\/\/help.opera.com\/Windows\/11.50\/es-ES\/cookies.html\">http:\/\/help.opera.com\/Windows\/11.50\/es-ES\/cookies.html<\/a><\/li>\n<li>Otros navegadores: consulte la documentaci\u00f3n del navegador que tenga instalado.<\/li>\n<\/ul>\n<p><strong>Complemento de inhabilitaci\u00f3n para navegadores de Google Analytics<\/strong><\/p>\n<p>Si desea rechazar las cookies anal\u00edticas de Google Analytics en todos los navegadores, de forma que no se env\u00ede informaci\u00f3n suya a Google Analitys, puede descargar un complemento que realiza esta funci\u00f3n desde este enlace: <a href=\"https:\/\/tools.google.com\/dlpage\/gaoptout\">https:\/\/tools.google.com\/dlpage\/gaoptout<\/a>.<\/p>\n<p><strong>Ejercicio de derechos<\/strong><\/p>\n<p>Puede conocer y ejercer sus derechos en materia de protecci\u00f3n de datos accediendo a nuestra <a href=\"http:\/\/laser-av.com\/es\/politica-privacidad\/\"><u>Pol\u00edtica de Privacidad<\/u><\/a>.<\/p>\n","protected":false},"excerpt":{"rendered":"<p>\u00bfQu\u00e9 son las Cookies? Este sitio web utiliza cookies y\/o tecnolog\u00edas similares que almacenan y recuperan informaci\u00f3n cuando navegas. En general, estas tecnolog\u00edas pueden servir para finalidades muy diversas, como, por ejemplo, reconocerte como usuario, obtener informaci\u00f3n sobre tus h\u00e1bitos de navegaci\u00f3n, o personalizar la forma en que se muestra el contenido. Los usos concretos [&hellip;]<\/p>\n","protected":false},"author":3,"featured_media":0,"parent":0,"menu_order":0,"comment_status":"closed","ping_status":"closed","template":"","meta":{"footnotes":""},"class_list":["post-853","page","type-page","status-publish","hentry"],"yoast_head":"<!-- This site is optimized with the Yoast SEO plugin v23.1 - https:\/\/yoast.com\/wordpress\/plugins\/seo\/ -->\n<title>Pol\u00edtica de cookies - Laser Audiovisuales<\/title>\n<meta name=\"robots\" content=\"index, follow, max-snippet:-1, max-image-preview:large, max-video-preview:-1\" \/>\n<link rel=\"canonical\" href=\"https:\/\/laser-av.com\/es\/politica-de-cookies\/\" \/>\n<meta property=\"og:locale\" content=\"es_ES\" \/>\n<meta property=\"og:type\" content=\"article\" \/>\n<meta property=\"og:title\" content=\"Pol\u00edtica de cookies - Laser Audiovisuales\" \/>\n<meta property=\"og:description\" content=\"\u00bfQu\u00e9 son las Cookies? Este sitio web utiliza cookies y\/o tecnolog\u00edas similares que almacenan y recuperan informaci\u00f3n cuando navegas. En general, estas tecnolog\u00edas pueden servir para finalidades muy diversas, como, por ejemplo, reconocerte como usuario, obtener informaci\u00f3n sobre tus h\u00e1bitos de navegaci\u00f3n, o personalizar la forma en que se muestra el contenido. Los usos concretos [&hellip;]\" \/>\n<meta property=\"og:url\" content=\"https:\/\/laser-av.com\/es\/politica-de-cookies\/\" \/>\n<meta property=\"og:site_name\" content=\"Laser Audiovisuales\" \/>\n<meta property=\"article:publisher\" content=\"https:\/\/www.facebook.com\/laseraudiovisuales\/\" \/>\n<meta property=\"article:modified_time\" content=\"2023-08-25T07:15:21+00:00\" \/>\n<meta name=\"twitter:card\" content=\"summary_large_image\" \/>\n<meta name=\"twitter:label1\" content=\"Tiempo de lectura\" \/>\n\t<meta name=\"twitter:data1\" content=\"3 minutos\" \/>\n<script type=\"application\/ld+json\" class=\"yoast-schema-graph\">{\"@context\":\"https:\/\/schema.org\",\"@graph\":[{\"@type\":\"WebPage\",\"@id\":\"https:\/\/laser-av.com\/es\/politica-de-cookies\/\",\"url\":\"https:\/\/laser-av.com\/es\/politica-de-cookies\/\",\"name\":\"Pol\u00edtica de cookies - Laser Audiovisuales\",\"isPartOf\":{\"@id\":\"https:\/\/laser-av.com\/es\/#website\"},\"datePublished\":\"2018-10-28T11:08:22+00:00\",\"dateModified\":\"2023-08-25T07:15:21+00:00\",\"breadcrumb\":{\"@id\":\"https:\/\/laser-av.com\/es\/politica-de-cookies\/#breadcrumb\"},\"inLanguage\":\"es\",\"potentialAction\":[{\"@type\":\"ReadAction\",\"target\":[\"https:\/\/laser-av.com\/es\/politica-de-cookies\/\"]}]},{\"@type\":\"BreadcrumbList\",\"@id\":\"https:\/\/laser-av.com\/es\/politica-de-cookies\/#breadcrumb\",\"itemListElement\":[{\"@type\":\"ListItem\",\"position\":1,\"name\":\"Portada\",\"item\":\"https:\/\/laser-av.com\/es\/\"},{\"@type\":\"ListItem\",\"position\":2,\"name\":\"Pol\u00edtica de cookies\"}]},{\"@type\":\"WebSite\",\"@id\":\"https:\/\/laser-av.com\/es\/#website\",\"url\":\"https:\/\/laser-av.com\/es\/\",\"name\":\"Laser Audiovisuales\",\"description\":\"Empresa de Alquiler de Audiovisuales\",\"publisher\":{\"@id\":\"https:\/\/laser-av.com\/es\/#organization\"},\"potentialAction\":[{\"@type\":\"SearchAction\",\"target\":{\"@type\":\"EntryPoint\",\"urlTemplate\":\"https:\/\/laser-av.com\/es\/?s={search_term_string}\"},\"query-input\":\"required name=search_term_string\"}],\"inLanguage\":\"es\"},{\"@type\":\"Organization\",\"@id\":\"https:\/\/laser-av.com\/es\/#organization\",\"name\":\"Laser Audiovisuales\",\"url\":\"https:\/\/laser-av.com\/es\/\",\"logo\":{\"@type\":\"ImageObject\",\"inLanguage\":\"es\",\"@id\":\"https:\/\/laser-av.com\/es\/#\/schema\/logo\/image\/\",\"url\":\"http:\/\/laser-av.com\/wp-content\/uploads\/2019\/07\/logo-laser.png\",\"contentUrl\":\"http:\/\/laser-av.com\/wp-content\/uploads\/2019\/07\/logo-laser.png\",\"width\":731,\"height\":253,\"caption\":\"Laser Audiovisuales\"},\"image\":{\"@id\":\"https:\/\/laser-av.com\/es\/#\/schema\/logo\/image\/\"},\"sameAs\":[\"https:\/\/www.facebook.com\/laseraudiovisuales\/\",\"https:\/\/www.instagram.com\/laseraudiovisuales\/\"]}]}<\/script>\n<!-- \/ Yoast SEO plugin. -->","yoast_head_json":{"title":"Pol\u00edtica de cookies - Laser Audiovisuales","robots":{"index":"index","follow":"follow","max-snippet":"max-snippet:-1","max-image-preview":"max-image-preview:large","max-video-preview":"max-video-preview:-1"},"canonical":"https:\/\/laser-av.com\/es\/politica-de-cookies\/","og_locale":"es_ES","og_type":"article","og_title":"Pol\u00edtica de cookies - Laser Audiovisuales","og_description":"\u00bfQu\u00e9 son las Cookies? Este sitio web utiliza cookies y\/o tecnolog\u00edas similares que almacenan y recuperan informaci\u00f3n cuando navegas. En general, estas tecnolog\u00edas pueden servir para finalidades muy diversas, como, por ejemplo, reconocerte como usuario, obtener informaci\u00f3n sobre tus h\u00e1bitos de navegaci\u00f3n, o personalizar la forma en que se muestra el contenido. Los usos concretos [&hellip;]","og_url":"https:\/\/laser-av.com\/es\/politica-de-cookies\/","og_site_name":"Laser Audiovisuales","article_publisher":"https:\/\/www.facebook.com\/laseraudiovisuales\/","article_modified_time":"2023-08-25T07:15:21+00:00","twitter_card":"summary_large_image","twitter_misc":{"Tiempo de lectura":"3 minutos"},"schema":{"@context":"https:\/\/schema.org","@graph":[{"@type":"WebPage","@id":"https:\/\/laser-av.com\/es\/politica-de-cookies\/","url":"https:\/\/laser-av.com\/es\/politica-de-cookies\/","name":"Pol\u00edtica de cookies - Laser Audiovisuales","isPartOf":{"@id":"https:\/\/laser-av.com\/es\/#website"},"datePublished":"2018-10-28T11:08:22+00:00","dateModified":"2023-08-25T07:15:21+00:00","breadcrumb":{"@id":"https:\/\/laser-av.com\/es\/politica-de-cookies\/#breadcrumb"},"inLanguage":"es","potentialAction":[{"@type":"ReadAction","target":["https:\/\/laser-av.com\/es\/politica-de-cookies\/"]}]},{"@type":"BreadcrumbList","@id":"https:\/\/laser-av.com\/es\/politica-de-cookies\/#breadcrumb","itemListElement":[{"@type":"ListItem","position":1,"name":"Portada","item":"https:\/\/laser-av.com\/es\/"},{"@type":"ListItem","position":2,"name":"Pol\u00edtica de cookies"}]},{"@type":"WebSite","@id":"https:\/\/laser-av.com\/es\/#website","url":"https:\/\/laser-av.com\/es\/","name":"Laser Audiovisuales","description":"Empresa de Alquiler de Audiovisuales","publisher":{"@id":"https:\/\/laser-av.com\/es\/#organization"},"potentialAction":[{"@type":"SearchAction","target":{"@type":"EntryPoint","urlTemplate":"https:\/\/laser-av.com\/es\/?s={search_term_string}"},"query-input":"required name=search_term_string"}],"inLanguage":"es"},{"@type":"Organization","@id":"https:\/\/laser-av.com\/es\/#organization","name":"Laser Audiovisuales","url":"https:\/\/laser-av.com\/es\/","logo":{"@type":"ImageObject","inLanguage":"es","@id":"https:\/\/laser-av.com\/es\/#\/schema\/logo\/image\/","url":"http:\/\/laser-av.com\/wp-content\/uploads\/2019\/07\/logo-laser.png","contentUrl":"http:\/\/laser-av.com\/wp-content\/uploads\/2019\/07\/logo-laser.png","width":731,"height":253,"caption":"Laser Audiovisuales"},"image":{"@id":"https:\/\/laser-av.com\/es\/#\/schema\/logo\/image\/"},"sameAs":["https:\/\/www.facebook.com\/laseraudiovisuales\/","https:\/\/www.instagram.com\/laseraudiovisuales\/"]}]}},"_links":{"self":[{"href":"https:\/\/laser-av.com\/es\/wp-json\/wp\/v2\/pages\/853"}],"collection":[{"href":"https:\/\/laser-av.com\/es\/wp-json\/wp\/v2\/pages"}],"about":[{"href":"https:\/\/laser-av.com\/es\/wp-json\/wp\/v2\/types\/page"}],"author":[{"embeddable":true,"href":"https:\/\/laser-av.com\/es\/wp-json\/wp\/v2\/users\/3"}],"replies":[{"embeddable":true,"href":"https:\/\/laser-av.com\/es\/wp-json\/wp\/v2\/comments?post=853"}],"version-history":[{"count":25,"href":"https:\/\/laser-av.com\/es\/wp-json\/wp\/v2\/pages\/853\/revisions"}],"predecessor-version":[{"id":2577,"href":"https:\/\/laser-av.com\/es\/wp-json\/wp\/v2\/pages\/853\/revisions\/2577"}],"wp:attachment":[{"href":"https:\/\/laser-av.com\/es\/wp-json\/wp\/v2\/media?parent=853"}],"curies":[{"name":"wp","href":"https:\/\/api.w.org\/{rel}","templated":true}]}}