{"id":2026,"date":"2021-07-06T09:35:52","date_gmt":"2021-07-06T09:35:52","guid":{"rendered":"http:\/\/laser-av.com\/?page_id=2026"},"modified":"2022-11-09T12:16:51","modified_gmt":"2022-11-09T12:16:51","slug":"proteccio-de-dades","status":"publish","type":"page","link":"https:\/\/laser-av.com\/ca\/proteccio-de-dades\/","title":{"rendered":"Protecci\u00f3 de dades"},"content":{"rendered":"<p>Informaci\u00f3 sobre el tractament de dades:<\/p>\n<p>Qui \u00e9s el responsable de les seves dades?<br \/>\nD&#8217;acord amb el que estableix la Llei Org\u00e0nica 3\/2018, de 5 de desembre, de Protecci\u00f3 de Dades Personals i garantia dels drets digitals (LOPD) i el Reglament General de Protecci\u00f3 de Dades (RGPD) de 27 d&#8217;Abril de 2016, l&#8217;informem que les dades personals aportades seran tractades per LASER AUDIOVISUALS, SL amb CIF B75053470 i domicili a Fernando Mugica 13, Pl 1\u00aa Pab.5 &#8211; 20018, DONOSTIA (Gipuzkoa).<\/p>\n<p>Quins s\u00f3n els seus drets quan ens facilita les seves dades?<br \/>\nQualsevol persona t\u00e9 dret a sol\u00b7licitar l&#8217;acc\u00e9s, rectificaci\u00f3, supressi\u00f3, limitaci\u00f3 de l&#8217;tractament, oposici\u00f3 o dret a la portabilitat de les seves dades personals, escrivint-nos a l&#8217;adre\u00e7a de les nostres oficines, o enviant un correu electr\u00f2nic a laser@laser-av.com, indicant el dret que desitja exercir.<br \/>\nTindr\u00e0 dret igualment a retirar el consentiment donat en qualsevol moment. La retirada de l&#8217;consentiment no afectar\u00e0 la licitud de l&#8217;tractament efectuat abans de la retirada d&#8217;aquest consentiment.<br \/>\nT\u00e9 dret a presentar una reclamaci\u00f3 davant l&#8217;autoritat de control si considera que poden haver estat vulnerats els seus drets pel que fa a la protecci\u00f3 de les seves dades personals.<\/p>\n<p>contactes<\/p>\n<p>Amb quina finalitat tractem les seves dades personals?<br \/>\nLes dades aportades per vost\u00e8 s\u00f3n necessaris per poder prestar amb totes les garanties el servei sol\u00b7licitat, i seran tractades amb les seg\u00fcents finalitats: atendre les consultes realitzades i gestionar les comunicacions de l&#8217;empresa.<\/p>\n<p>Per quant de temps conservarem les seves dades?<br \/>\nLes dades personals proporcionades es conservaran mentre es prevegi que poden ser necessaris per contactar amb l&#8217;interessat.<\/p>\n<p>Quina \u00e9s la legitimaci\u00f3 per al tractament de les seves dades?<br \/>\nLa base legal per al tractament de les seves dades \u00e9s el consentiment de l&#8217;interessat a l&#8217;proporcionar les seves dades de contacte.<\/p>\n<p>A qu\u00e8 destinataris es comunicaran les seves dades?<br \/>\nLes seves dades no se cediran a tercers excepte obligaci\u00f3 legal.<\/p>\n<p>clients<\/p>\n<p>Amb quina finalitat tractem les seves dades personals?<br \/>\nLes dades aportades per vost\u00e8 s\u00f3n necessaris per poder prestar amb totes les garanties el servei sol\u00b7licitat, i seran tractades amb les seg\u00fcents finalitats: Gesti\u00f3 administrativa, comptable i fiscal, gesti\u00f3 de les relacions comercials i transaccions econ\u00f2miques.<\/p>\n<p>Per quant de temps conservarem les seves dades?<br \/>\nLes dades personals proporcionades es conservaran fins a la finalitzaci\u00f3 de la relaci\u00f3 contractual i, posteriorment, durant els terminis legalment exigits.<\/p>\n<p>Quina \u00e9s la legitimaci\u00f3 per al tractament de les seves dades?<br \/>\nLa base legal per al tractament de les seves dades \u00e9s l&#8217;execuci\u00f3 de l&#8217;contracte subscrit amb nosaltres.<\/p>\n<p>A qu\u00e8 destinataris es comunicaran les seves dades?<br \/>\nPer complir amb la finalitat prevista, les seves dades podran ser comunicades a: Administraci\u00f3 tribut\u00e0ria; Bancs, caixes d&#8217;estalvis i caixes rurals; Administraci\u00f3 p\u00fablica amb compet\u00e8ncia en la mat\u00e8ria.<\/p>\n","protected":false},"excerpt":{"rendered":"<p>Informaci\u00f3 sobre el tractament de dades: Qui \u00e9s el responsable de les seves dades? D&#8217;acord amb el que estableix la Llei Org\u00e0nica 3\/2018, de 5 de desembre, de Protecci\u00f3 de Dades Personals i garantia dels drets digitals (LOPD) i el Reglament General de Protecci\u00f3 de Dades (RGPD) de 27 d&#8217;Abril de 2016, l&#8217;informem que les [&hellip;]<\/p>\n","protected":false},"author":3,"featured_media":0,"parent":0,"menu_order":0,"comment_status":"closed","ping_status":"closed","template":"","meta":{"footnotes":""},"class_list":["post-2026","page","type-page","status-publish","hentry"],"yoast_head":"<!-- This site is optimized with the Yoast SEO plugin v23.1 - https:\/\/yoast.com\/wordpress\/plugins\/seo\/ -->\n<title>Protecci\u00f3 de dades - Laser Audiovisuales<\/title>\n<meta name=\"robots\" content=\"index, follow, max-snippet:-1, max-image-preview:large, max-video-preview:-1\" \/>\n<link rel=\"canonical\" href=\"https:\/\/laser-av.com\/ca\/proteccio-de-dades\/\" \/>\n<meta property=\"og:locale\" content=\"ca_ES\" \/>\n<meta property=\"og:type\" content=\"article\" \/>\n<meta property=\"og:title\" content=\"Protecci\u00f3 de dades - Laser Audiovisuales\" \/>\n<meta property=\"og:description\" content=\"Informaci\u00f3 sobre el tractament de dades: Qui \u00e9s el responsable de les seves dades? D&#8217;acord amb el que estableix la Llei Org\u00e0nica 3\/2018, de 5 de desembre, de Protecci\u00f3 de Dades Personals i garantia dels drets digitals (LOPD) i el Reglament General de Protecci\u00f3 de Dades (RGPD) de 27 d&#8217;Abril de 2016, l&#8217;informem que les [&hellip;]\" \/>\n<meta property=\"og:url\" content=\"https:\/\/laser-av.com\/ca\/proteccio-de-dades\/\" \/>\n<meta property=\"og:site_name\" content=\"Laser Audiovisuales\" \/>\n<meta property=\"article:publisher\" content=\"https:\/\/www.facebook.com\/laseraudiovisuales\/\" \/>\n<meta property=\"article:modified_time\" content=\"2022-11-09T12:16:51+00:00\" \/>\n<meta name=\"twitter:card\" content=\"summary_large_image\" \/>\n<meta name=\"twitter:label1\" content=\"Temps estimat de lectura\" \/>\n\t<meta name=\"twitter:data1\" content=\"2 minuts\" \/>\n<script type=\"application\/ld+json\" class=\"yoast-schema-graph\">{\"@context\":\"https:\/\/schema.org\",\"@graph\":[{\"@type\":\"WebPage\",\"@id\":\"https:\/\/laser-av.com\/ca\/proteccio-de-dades\/\",\"url\":\"https:\/\/laser-av.com\/ca\/proteccio-de-dades\/\",\"name\":\"Protecci\u00f3 de dades - Laser Audiovisuales\",\"isPartOf\":{\"@id\":\"https:\/\/laser-av.com\/ca\/#website\"},\"datePublished\":\"2021-07-06T09:35:52+00:00\",\"dateModified\":\"2022-11-09T12:16:51+00:00\",\"breadcrumb\":{\"@id\":\"https:\/\/laser-av.com\/ca\/proteccio-de-dades\/#breadcrumb\"},\"inLanguage\":\"ca\",\"potentialAction\":[{\"@type\":\"ReadAction\",\"target\":[\"https:\/\/laser-av.com\/ca\/proteccio-de-dades\/\"]}]},{\"@type\":\"BreadcrumbList\",\"@id\":\"https:\/\/laser-av.com\/ca\/proteccio-de-dades\/#breadcrumb\",\"itemListElement\":[{\"@type\":\"ListItem\",\"position\":1,\"name\":\"Portada\",\"item\":\"http:\/\/laser-av.com\/ca\/\"},{\"@type\":\"ListItem\",\"position\":2,\"name\":\"Protecci\u00f3 de dades\"}]},{\"@type\":\"WebSite\",\"@id\":\"https:\/\/laser-av.com\/ca\/#website\",\"url\":\"https:\/\/laser-av.com\/ca\/\",\"name\":\"Laser Audiovisuales\",\"description\":\"Empresa de Alquiler de Audiovisuales\",\"publisher\":{\"@id\":\"https:\/\/laser-av.com\/ca\/#organization\"},\"potentialAction\":[{\"@type\":\"SearchAction\",\"target\":{\"@type\":\"EntryPoint\",\"urlTemplate\":\"https:\/\/laser-av.com\/ca\/?s={search_term_string}\"},\"query-input\":\"required name=search_term_string\"}],\"inLanguage\":\"ca\"},{\"@type\":\"Organization\",\"@id\":\"https:\/\/laser-av.com\/ca\/#organization\",\"name\":\"Laser Audiovisuales\",\"url\":\"https:\/\/laser-av.com\/ca\/\",\"logo\":{\"@type\":\"ImageObject\",\"inLanguage\":\"ca\",\"@id\":\"https:\/\/laser-av.com\/ca\/#\/schema\/logo\/image\/\",\"url\":\"http:\/\/laser-av.com\/wp-content\/uploads\/2019\/07\/logo-laser.png\",\"contentUrl\":\"http:\/\/laser-av.com\/wp-content\/uploads\/2019\/07\/logo-laser.png\",\"width\":731,\"height\":253,\"caption\":\"Laser Audiovisuales\"},\"image\":{\"@id\":\"https:\/\/laser-av.com\/ca\/#\/schema\/logo\/image\/\"},\"sameAs\":[\"https:\/\/www.facebook.com\/laseraudiovisuales\/\",\"https:\/\/www.instagram.com\/laseraudiovisuales\/\"]}]}<\/script>\n<!-- \/ Yoast SEO plugin. -->","yoast_head_json":{"title":"Protecci\u00f3 de dades - Laser Audiovisuales","robots":{"index":"index","follow":"follow","max-snippet":"max-snippet:-1","max-image-preview":"max-image-preview:large","max-video-preview":"max-video-preview:-1"},"canonical":"https:\/\/laser-av.com\/ca\/proteccio-de-dades\/","og_locale":"ca_ES","og_type":"article","og_title":"Protecci\u00f3 de dades - Laser Audiovisuales","og_description":"Informaci\u00f3 sobre el tractament de dades: Qui \u00e9s el responsable de les seves dades? D&#8217;acord amb el que estableix la Llei Org\u00e0nica 3\/2018, de 5 de desembre, de Protecci\u00f3 de Dades Personals i garantia dels drets digitals (LOPD) i el Reglament General de Protecci\u00f3 de Dades (RGPD) de 27 d&#8217;Abril de 2016, l&#8217;informem que les [&hellip;]","og_url":"https:\/\/laser-av.com\/ca\/proteccio-de-dades\/","og_site_name":"Laser Audiovisuales","article_publisher":"https:\/\/www.facebook.com\/laseraudiovisuales\/","article_modified_time":"2022-11-09T12:16:51+00:00","twitter_card":"summary_large_image","twitter_misc":{"Temps estimat de lectura":"2 minuts"},"schema":{"@context":"https:\/\/schema.org","@graph":[{"@type":"WebPage","@id":"https:\/\/laser-av.com\/ca\/proteccio-de-dades\/","url":"https:\/\/laser-av.com\/ca\/proteccio-de-dades\/","name":"Protecci\u00f3 de dades - Laser Audiovisuales","isPartOf":{"@id":"https:\/\/laser-av.com\/ca\/#website"},"datePublished":"2021-07-06T09:35:52+00:00","dateModified":"2022-11-09T12:16:51+00:00","breadcrumb":{"@id":"https:\/\/laser-av.com\/ca\/proteccio-de-dades\/#breadcrumb"},"inLanguage":"ca","potentialAction":[{"@type":"ReadAction","target":["https:\/\/laser-av.com\/ca\/proteccio-de-dades\/"]}]},{"@type":"BreadcrumbList","@id":"https:\/\/laser-av.com\/ca\/proteccio-de-dades\/#breadcrumb","itemListElement":[{"@type":"ListItem","position":1,"name":"Portada","item":"http:\/\/laser-av.com\/ca\/"},{"@type":"ListItem","position":2,"name":"Protecci\u00f3 de dades"}]},{"@type":"WebSite","@id":"https:\/\/laser-av.com\/ca\/#website","url":"https:\/\/laser-av.com\/ca\/","name":"Laser Audiovisuales","description":"Empresa de Alquiler de Audiovisuales","publisher":{"@id":"https:\/\/laser-av.com\/ca\/#organization"},"potentialAction":[{"@type":"SearchAction","target":{"@type":"EntryPoint","urlTemplate":"https:\/\/laser-av.com\/ca\/?s={search_term_string}"},"query-input":"required name=search_term_string"}],"inLanguage":"ca"},{"@type":"Organization","@id":"https:\/\/laser-av.com\/ca\/#organization","name":"Laser Audiovisuales","url":"https:\/\/laser-av.com\/ca\/","logo":{"@type":"ImageObject","inLanguage":"ca","@id":"https:\/\/laser-av.com\/ca\/#\/schema\/logo\/image\/","url":"http:\/\/laser-av.com\/wp-content\/uploads\/2019\/07\/logo-laser.png","contentUrl":"http:\/\/laser-av.com\/wp-content\/uploads\/2019\/07\/logo-laser.png","width":731,"height":253,"caption":"Laser Audiovisuales"},"image":{"@id":"https:\/\/laser-av.com\/ca\/#\/schema\/logo\/image\/"},"sameAs":["https:\/\/www.facebook.com\/laseraudiovisuales\/","https:\/\/www.instagram.com\/laseraudiovisuales\/"]}]}},"_links":{"self":[{"href":"https:\/\/laser-av.com\/ca\/wp-json\/wp\/v2\/pages\/2026"}],"collection":[{"href":"https:\/\/laser-av.com\/ca\/wp-json\/wp\/v2\/pages"}],"about":[{"href":"https:\/\/laser-av.com\/ca\/wp-json\/wp\/v2\/types\/page"}],"author":[{"embeddable":true,"href":"https:\/\/laser-av.com\/ca\/wp-json\/wp\/v2\/users\/3"}],"replies":[{"embeddable":true,"href":"https:\/\/laser-av.com\/ca\/wp-json\/wp\/v2\/comments?post=2026"}],"version-history":[{"count":1,"href":"https:\/\/laser-av.com\/ca\/wp-json\/wp\/v2\/pages\/2026\/revisions"}],"predecessor-version":[{"id":2027,"href":"https:\/\/laser-av.com\/ca\/wp-json\/wp\/v2\/pages\/2026\/revisions\/2027"}],"wp:attachment":[{"href":"https:\/\/laser-av.com\/ca\/wp-json\/wp\/v2\/media?parent=2026"}],"curies":[{"name":"wp","href":"https:\/\/api.w.org\/{rel}","templated":true}]}}