{"id":45,"date":"2018-10-08T08:24:06","date_gmt":"2018-10-08T08:24:06","guid":{"rendered":"http:\/\/laser-av.com\/?page_id=45"},"modified":"2025-06-25T10:14:58","modified_gmt":"2025-06-25T10:14:58","slug":"empresa-audiovisuales-alquiler-eventos","status":"publish","type":"page","link":"http:\/\/laser-av.com\/es\/empresa-audiovisuales-alquiler-eventos\/","title":{"rendered":"Sobre Nosotros"},"content":{"rendered":"\r\n<p><strong>Qu\u00e9 es L\u00e1ser Audiovisuales<\/strong><\/p>\r\n\r\n\r\n\r\n<p>Somos una empresa l\u00edder en el sector audiovisual, integrada por profesionales, dedicada al mundo de la imagen y del sonido, que busca ofrecer a sus clientes el mejor servicio en alquiler de material audiovisual , montaje de eventos y servicios audiovisuales.<\/p>\r\n\r\n\r\n\r\n<p>El resultado es una experiencia incomparable al organizar tus eventos audiovisuales. No s\u00f3lo por nuestra profesionalidad y a\u00f1os de experiencia, sino que adem\u00e1s, prestamos especial atenci\u00f3n a la innovaci\u00f3n (tanto a nivel t\u00e9cnico, como creativo) para que cada proyecto tenga un car\u00e1cter novedoso y \u00fanico.<\/p>\r\n\r\n\r\n\r\n<p>L\u00e1ser naci\u00f3 en 1988 en San Sebastian (Guipuzcoa), y con el paso del tiempo ha ampliado su actividad y se ha ido adaptando para satisfacer todas las necesidades audiovisuales que actualmente demandan empresas de todos los sectores.<\/p>\r\n\r\n\r\n\r\n<p><span class=\"tlid-translation translation\" lang=\"es\"><span title=\"\">Hoy en d\u00eda<\/span><span title=\"\">,<\/span> <span title=\"\">sigue<\/span> <span title=\"\">ofreciendo una<\/span> <span title=\"\">amplia<\/span> <span title=\"\">gama<\/span> <span title=\"\">de equipos<\/span> <span title=\"\">audiovisuales en alquiler <\/span><span class=\"\" title=\"\">para la realizaci\u00f3n<\/span> <span title=\"\">de eventos<\/span> <span title=\"\">con el objetivo<\/span> <span class=\"\" title=\"\">de proporcionar un<\/span> <span class=\"\" title=\"\">servicio de calidad<\/span> <span class=\"\" title=\"\">y profesionalidad, por poner un ejemplo disponde de pantallas de led de 2mm HDR, pantallas de led de 3mm, proyectores laser, proyectores 4k y C\u00e1maras de estudio <\/span><span title=\"\">.<\/span><\/span><\/p>\r\n\r\n\r\n\r\n<p>Misi\u00f3n:\u00a0cubrir las necesidades audiovisuales del cliente, en\u00a0 la organizaci\u00f3n de sus eventos (ferias, congresos, convenciones\u2026) de manera personalizada e innovadora.<\/p>\r\n\r\n\r\n\r\n<p>Visi\u00f3n:\u00a0el objetivo es detectar las necesidades del cliente, a trav\u00e9s de una relaci\u00f3n directa con el mismo, comprometi\u00e9ndonos con sus necesidades y consiguiendo transmitir el resultado deseado.<\/p>\r\n\r\n\r\n\r\n<p>Valores:\u00a0profesionalidad, innovaci\u00f3n, calidad, compromiso, atenci\u00f3n personalizada y orientaci\u00f3n a resultados.<\/p>\r\n<p>Se dispone de una pol\u00edtica de calidad que se puede facilitar a quien lo solicite bajo petici\u00f3n.\u00a0<\/p>\r\n\r\n\r\n","protected":false},"excerpt":{"rendered":"<p>Qu\u00e9 es L\u00e1ser Audiovisuales Somos una empresa l\u00edder en el sector audiovisual, integrada por profesionales, dedicada al mundo de la imagen y del sonido, que busca ofrecer a sus clientes el mejor servicio en alquiler de material audiovisual , montaje de eventos y servicios audiovisuales. El resultado es una experiencia incomparable al organizar tus eventos [&hellip;]<\/p>\n","protected":false},"author":3,"featured_media":0,"parent":0,"menu_order":0,"comment_status":"closed","ping_status":"closed","template":"","meta":{"footnotes":""},"class_list":["post-45","page","type-page","status-publish","hentry"],"yoast_head":"<!-- This site is optimized with the Yoast SEO plugin v23.1 - https:\/\/yoast.com\/wordpress\/plugins\/seo\/ -->\n<title>Empresa Audiovisuales Alquiler Eventos Pantallas de led San Sebastian<\/title>\n<meta name=\"description\" content=\"Empresa Audiovisuales Alquiler Eventos Pantallas de led Proyectores C\u00e1maras Broadcast Monitor 98&quot; Monitores Tactiles Streaming\" \/>\n<meta name=\"robots\" content=\"index, follow, max-snippet:-1, max-image-preview:large, max-video-preview:-1\" \/>\n<link rel=\"canonical\" href=\"http:\/\/laser-av.com\/es\/empresa-audiovisuales-alquiler-eventos\/\" \/>\n<meta property=\"og:locale\" content=\"es_ES\" \/>\n<meta property=\"og:type\" content=\"article\" \/>\n<meta property=\"og:title\" content=\"Empresa Audiovisuales Alquiler Eventos Pantallas de led San Sebastian\" \/>\n<meta property=\"og:description\" content=\"Empresa Audiovisuales Alquiler Eventos Pantallas de led Proyectores C\u00e1maras Broadcast Monitor 98&quot; Monitores Tactiles Streaming\" \/>\n<meta property=\"og:url\" content=\"http:\/\/laser-av.com\/es\/empresa-audiovisuales-alquiler-eventos\/\" \/>\n<meta property=\"og:site_name\" content=\"Laser Audiovisuales\" \/>\n<meta property=\"article:publisher\" content=\"https:\/\/www.facebook.com\/laseraudiovisuales\/\" \/>\n<meta property=\"article:modified_time\" content=\"2025-06-25T10:14:58+00:00\" \/>\n<meta name=\"twitter:card\" content=\"summary_large_image\" \/>\n<meta name=\"twitter:label1\" content=\"Tiempo de lectura\" \/>\n\t<meta name=\"twitter:data1\" content=\"2 minutos\" \/>\n<script type=\"application\/ld+json\" class=\"yoast-schema-graph\">{\"@context\":\"https:\/\/schema.org\",\"@graph\":[{\"@type\":\"WebPage\",\"@id\":\"http:\/\/laser-av.com\/es\/empresa-audiovisuales-alquiler-eventos\/\",\"url\":\"http:\/\/laser-av.com\/es\/empresa-audiovisuales-alquiler-eventos\/\",\"name\":\"Empresa Audiovisuales Alquiler Eventos Pantallas de led San Sebastian\",\"isPartOf\":{\"@id\":\"http:\/\/laser-av.com\/es\/#website\"},\"datePublished\":\"2018-10-08T08:24:06+00:00\",\"dateModified\":\"2025-06-25T10:14:58+00:00\",\"description\":\"Empresa Audiovisuales Alquiler Eventos Pantallas de led Proyectores C\u00e1maras Broadcast Monitor 98\\\" Monitores Tactiles Streaming\",\"breadcrumb\":{\"@id\":\"http:\/\/laser-av.com\/es\/empresa-audiovisuales-alquiler-eventos\/#breadcrumb\"},\"inLanguage\":\"es\",\"potentialAction\":[{\"@type\":\"ReadAction\",\"target\":[\"http:\/\/laser-av.com\/es\/empresa-audiovisuales-alquiler-eventos\/\"]}]},{\"@type\":\"BreadcrumbList\",\"@id\":\"http:\/\/laser-av.com\/es\/empresa-audiovisuales-alquiler-eventos\/#breadcrumb\",\"itemListElement\":[{\"@type\":\"ListItem\",\"position\":1,\"name\":\"Portada\",\"item\":\"http:\/\/laser-av.com\/es\/\"},{\"@type\":\"ListItem\",\"position\":2,\"name\":\"Sobre Nosotros\"}]},{\"@type\":\"WebSite\",\"@id\":\"http:\/\/laser-av.com\/es\/#website\",\"url\":\"http:\/\/laser-av.com\/es\/\",\"name\":\"Laser Audiovisuales\",\"description\":\"Empresa de Alquiler de Audiovisuales\",\"publisher\":{\"@id\":\"http:\/\/laser-av.com\/es\/#organization\"},\"potentialAction\":[{\"@type\":\"SearchAction\",\"target\":{\"@type\":\"EntryPoint\",\"urlTemplate\":\"http:\/\/laser-av.com\/es\/?s={search_term_string}\"},\"query-input\":\"required name=search_term_string\"}],\"inLanguage\":\"es\"},{\"@type\":\"Organization\",\"@id\":\"http:\/\/laser-av.com\/es\/#organization\",\"name\":\"Laser Audiovisuales\",\"url\":\"http:\/\/laser-av.com\/es\/\",\"logo\":{\"@type\":\"ImageObject\",\"inLanguage\":\"es\",\"@id\":\"http:\/\/laser-av.com\/es\/#\/schema\/logo\/image\/\",\"url\":\"http:\/\/laser-av.com\/wp-content\/uploads\/2019\/07\/logo-laser.png\",\"contentUrl\":\"http:\/\/laser-av.com\/wp-content\/uploads\/2019\/07\/logo-laser.png\",\"width\":731,\"height\":253,\"caption\":\"Laser Audiovisuales\"},\"image\":{\"@id\":\"http:\/\/laser-av.com\/es\/#\/schema\/logo\/image\/\"},\"sameAs\":[\"https:\/\/www.facebook.com\/laseraudiovisuales\/\",\"https:\/\/www.instagram.com\/laseraudiovisuales\/\"]}]}<\/script>\n<!-- \/ Yoast SEO plugin. -->","yoast_head_json":{"title":"Empresa Audiovisuales Alquiler Eventos Pantallas de led San Sebastian","description":"Empresa Audiovisuales Alquiler Eventos Pantallas de led Proyectores C\u00e1maras Broadcast Monitor 98\" Monitores Tactiles Streaming","robots":{"index":"index","follow":"follow","max-snippet":"max-snippet:-1","max-image-preview":"max-image-preview:large","max-video-preview":"max-video-preview:-1"},"canonical":"http:\/\/laser-av.com\/es\/empresa-audiovisuales-alquiler-eventos\/","og_locale":"es_ES","og_type":"article","og_title":"Empresa Audiovisuales Alquiler Eventos Pantallas de led San Sebastian","og_description":"Empresa Audiovisuales Alquiler Eventos Pantallas de led Proyectores C\u00e1maras Broadcast Monitor 98\" Monitores Tactiles Streaming","og_url":"http:\/\/laser-av.com\/es\/empresa-audiovisuales-alquiler-eventos\/","og_site_name":"Laser Audiovisuales","article_publisher":"https:\/\/www.facebook.com\/laseraudiovisuales\/","article_modified_time":"2025-06-25T10:14:58+00:00","twitter_card":"summary_large_image","twitter_misc":{"Tiempo de lectura":"2 minutos"},"schema":{"@context":"https:\/\/schema.org","@graph":[{"@type":"WebPage","@id":"http:\/\/laser-av.com\/es\/empresa-audiovisuales-alquiler-eventos\/","url":"http:\/\/laser-av.com\/es\/empresa-audiovisuales-alquiler-eventos\/","name":"Empresa Audiovisuales Alquiler Eventos Pantallas de led San Sebastian","isPartOf":{"@id":"http:\/\/laser-av.com\/es\/#website"},"datePublished":"2018-10-08T08:24:06+00:00","dateModified":"2025-06-25T10:14:58+00:00","description":"Empresa Audiovisuales Alquiler Eventos Pantallas de led Proyectores C\u00e1maras Broadcast Monitor 98\" Monitores Tactiles Streaming","breadcrumb":{"@id":"http:\/\/laser-av.com\/es\/empresa-audiovisuales-alquiler-eventos\/#breadcrumb"},"inLanguage":"es","potentialAction":[{"@type":"ReadAction","target":["http:\/\/laser-av.com\/es\/empresa-audiovisuales-alquiler-eventos\/"]}]},{"@type":"BreadcrumbList","@id":"http:\/\/laser-av.com\/es\/empresa-audiovisuales-alquiler-eventos\/#breadcrumb","itemListElement":[{"@type":"ListItem","position":1,"name":"Portada","item":"http:\/\/laser-av.com\/es\/"},{"@type":"ListItem","position":2,"name":"Sobre Nosotros"}]},{"@type":"WebSite","@id":"http:\/\/laser-av.com\/es\/#website","url":"http:\/\/laser-av.com\/es\/","name":"Laser Audiovisuales","description":"Empresa de Alquiler de Audiovisuales","publisher":{"@id":"http:\/\/laser-av.com\/es\/#organization"},"potentialAction":[{"@type":"SearchAction","target":{"@type":"EntryPoint","urlTemplate":"http:\/\/laser-av.com\/es\/?s={search_term_string}"},"query-input":"required name=search_term_string"}],"inLanguage":"es"},{"@type":"Organization","@id":"http:\/\/laser-av.com\/es\/#organization","name":"Laser Audiovisuales","url":"http:\/\/laser-av.com\/es\/","logo":{"@type":"ImageObject","inLanguage":"es","@id":"http:\/\/laser-av.com\/es\/#\/schema\/logo\/image\/","url":"http:\/\/laser-av.com\/wp-content\/uploads\/2019\/07\/logo-laser.png","contentUrl":"http:\/\/laser-av.com\/wp-content\/uploads\/2019\/07\/logo-laser.png","width":731,"height":253,"caption":"Laser Audiovisuales"},"image":{"@id":"http:\/\/laser-av.com\/es\/#\/schema\/logo\/image\/"},"sameAs":["https:\/\/www.facebook.com\/laseraudiovisuales\/","https:\/\/www.instagram.com\/laseraudiovisuales\/"]}]}},"_links":{"self":[{"href":"http:\/\/laser-av.com\/es\/wp-json\/wp\/v2\/pages\/45"}],"collection":[{"href":"http:\/\/laser-av.com\/es\/wp-json\/wp\/v2\/pages"}],"about":[{"href":"http:\/\/laser-av.com\/es\/wp-json\/wp\/v2\/types\/page"}],"author":[{"embeddable":true,"href":"http:\/\/laser-av.com\/es\/wp-json\/wp\/v2\/users\/3"}],"replies":[{"embeddable":true,"href":"http:\/\/laser-av.com\/es\/wp-json\/wp\/v2\/comments?post=45"}],"version-history":[{"count":11,"href":"http:\/\/laser-av.com\/es\/wp-json\/wp\/v2\/pages\/45\/revisions"}],"predecessor-version":[{"id":2799,"href":"http:\/\/laser-av.com\/es\/wp-json\/wp\/v2\/pages\/45\/revisions\/2799"}],"wp:attachment":[{"href":"http:\/\/laser-av.com\/es\/wp-json\/wp\/v2\/media?parent=45"}],"curies":[{"name":"wp","href":"https:\/\/api.w.org\/{rel}","templated":true}]}}