{"id":876,"date":"2018-10-28T12:02:30","date_gmt":"2018-10-28T12:02:30","guid":{"rendered":"http:\/\/laser-av.com\/?page_id=876"},"modified":"2023-08-25T07:16:00","modified_gmt":"2023-08-25T07:16:00","slug":"cookies-policy","status":"publish","type":"page","link":"http:\/\/laser-av.com\/en\/cookies-policy\/","title":{"rendered":"Cookies Policy"},"content":{"rendered":"<h4 class=\"block-title uppercase bold\">What are cookies?<\/h4>\n<p>Este sitio web utiliza cookies y\/o tecnolog\u00edas similares que almacenan y recuperan informaci\u00f3n cuando navegas. En general, estas tecnolog\u00edas pueden servir para finalidades muy diversas, como, por ejemplo, reconocerte como usuario, obtener informaci\u00f3n sobre tus h\u00e1bitos de navegaci\u00f3n, o personalizar la forma en que se muestra el contenido. Los usos concretos que hacemos de estas tecnolog\u00edas se describen a continuaci\u00f3n.<\/p>\n<h4 class=\"block-title uppercase bold\">What does this website use cookies for?<\/h4>\n<p>This website uses cookies for a number of purposes, including:<\/p>\n<ul>\n<li>\n<p lang=\"es-ES\"><strong>Analysis<\/strong>: are those that, treated by us or by third parties, allow us to quantify the number of users and thus perform the measurement and statistical analysis of the use made by users of the service offered. To do this, your browsing on our website is analyzed in order to improve the supply of products or services that we offer.<\/p>\n<\/li>\n<li>\n<p lang=\"es-ES\"><strong>Advertising<\/strong>: are those that, processed by us or by third parties, allow us to analyze your browsing habits on the Internet so that we can show you advertising related to your browsing profile.<\/p>\n<\/li>\n<\/ul>\n<h4 class=\"block-title uppercase bold\">Who uses cookies on this website?<\/h4>\n<p>The identification of who uses the cookies, the type of cookies used and other details are provided below:<\/p>\n<h4 class=\"block-title uppercase bold\">First party cookies<\/h4>\n<div class=\"row\">\n<div class=\"col-md-3\"><strong>Entity using the cookies<\/strong><\/div>\n<div class=\"col-md-3\"><strong>Cookies<\/strong><\/div>\n<div class=\"col-md-4\"><strong>Purpose<\/strong><\/div>\n<div class=\"col-md-2\"><strong>Conservation period<\/strong><\/div>\n<hr \/>\n<div class=\"col-md-3\">The owner of this website<\/div>\n<div class=\"col-md-3\">First party cookies<\/div>\n<div class=\"col-md-4\">Improve user navigation<\/div>\n<div class=\"col-md-2\">Sesion<\/div>\n<hr \/>\n<\/div>\n<h4><\/h4>\n<h4 class=\"block-title uppercase bold\">Third party cookies<\/h4>\n<div class=\"row\">\n<div class=\"col-md-3\"><strong>Entity using the cookies<\/strong><\/div>\n<div class=\"col-md-6\"><strong>Purpose<\/strong><\/div>\n<div class=\"col-md-3\"><strong>More informtion<\/strong><\/div>\n<hr \/>\n<div class=\"col-md-3\">Google Analytics<\/div>\n<div class=\"col-md-6\">Collect information about the navigation of users through the site in order to know the origin of the visits and other similar statistical data.<\/div>\n<div class=\"col-md-3\"><a href=\"https:\/\/developers.google.com\/analytics\/devguides\/collection\/analyticsjs\/cookie-usage\">Google Analytics<\/a><br \/>\n<a href=\"https:\/\/policies.google.com\/privacy?hl=es\">Google privacy center<\/a><\/div>\n<hr \/>\n<\/div>\n<p>&nbsp;<\/p>\n<p>Note: &#8220;First-party&#8221; cookies are used only by the owner of this website and &#8220;Third-party&#8221; cookies are also used by the service provider detailed in the table above. You can find out about transfers to third countries that, where appropriate, made by third parties identified in this cookie policy in their corresponding policies (see the links provided in the &#8220;More information&#8221; section of the table above).<\/p>\n<h4 class=\"block-title uppercase bold\">How can I disable or delete these cookies?<\/h4>\n<p>You can allow or block cookies, as well as delete your browsing data (including cookies) from the browser you use. Consult the options and instructions provided by your browser to do so. Please note that if you accept third-party cookies, you must delete them from your browser options.<\/p>\n<p>Below are links to information on how to manage cookies in the most commonly used browsers:<\/p>\n<ul class=\"fa-ul browsers-links margin-top\">\n<li>Firefox: <a href=\"http:\/\/support.mozilla.org\/es\/kb\/habilitar-y-deshabilitar-cookies-que-los-sitios-we\">http:\/\/support.mozilla.org\/es\/kb\/habilitar-y-deshabilitar-cookies-que-los-sitios-we<\/a><\/li>\n<li>Chrome: <a href=\"http:\/\/support.google.com\/chrome\/bin\/answer.py?hl=es&amp;answer=95647\">http:\/\/support.google.com\/chrome\/bin\/answer.py?hl=es&amp;answer=95647<\/a><\/li>\n<li>Internet Explorer: <a href=\"https:\/\/support.microsoft.com\/es-es\/help\/278835\/how-to-delete-cookie-files-in-internet-explorer\">https:\/\/support.microsoft.com\/es-es\/help\/278835\/how-to-delete-cookie-files-in-internet-explorer<\/a><\/li>\n<li>Microsoft Edge: <a href=\"https:\/\/support.microsoft.com\/es-es\/help\/4468242\/microsoft-edge-browsing-data-and-privacy-microsoft-privacy\">https:\/\/support.microsoft.com\/es-es\/help\/4468242\/microsoft-edge-browsing-data-and-privacy-microsoft-privacy<\/a><\/li>\n<li>Safari: <a href=\"http:\/\/support.apple.com\/kb\/ph5042\">http:\/\/support.apple.com\/kb\/ph5042<\/a><\/li>\n<li>Opera: <a href=\"http:\/\/help.opera.com\/Windows\/11.50\/es-ES\/cookies.html\">http:\/\/help.opera.com\/Windows\/11.50\/es-ES\/cookies.html<\/a><\/li>\n<li>Other browsers: consult the documentation of the browser you have installed.<\/li>\n<\/ul>\n<p><strong>Google Analytics Opt-out Browser Add-on<\/strong><\/p>\n<p>If you want to reject Google Analytics analytics cookies in all browsers, so that no information about you is sent to Google Analytics, you can download an add-on that performs this function from this link: <a href=\"https:\/\/tools.google.com\/dlpage\/gaoptout\">https:\/\/tools.google.com\/dlpage\/gaoptout<\/a>.<\/p>\n<p><strong>Exercising rights<\/strong><\/p>\n<p>You can learn about and exercise your data protection rights by accessing our\u00a0<a href=\"http:\/\/laser-av.com\/en\/private-policy\/\"><u>Privacy policy<\/u><\/a>.<\/p>\n","protected":false},"excerpt":{"rendered":"<p>What are cookies? Este sitio web utiliza cookies y\/o tecnolog\u00edas similares que almacenan y recuperan informaci\u00f3n cuando navegas. En general, estas tecnolog\u00edas pueden servir para finalidades muy diversas, como, por ejemplo, reconocerte como usuario, obtener informaci\u00f3n sobre tus h\u00e1bitos de navegaci\u00f3n, o personalizar la forma en que se muestra el contenido. Los usos concretos que [&hellip;]<\/p>\n","protected":false},"author":3,"featured_media":0,"parent":0,"menu_order":0,"comment_status":"closed","ping_status":"closed","template":"","meta":{"footnotes":""},"class_list":["post-876","page","type-page","status-publish","hentry"],"yoast_head":"<!-- This site is optimized with the Yoast SEO plugin v23.1 - https:\/\/yoast.com\/wordpress\/plugins\/seo\/ -->\n<title>Cookies Policy - Laser Audiovisuales<\/title>\n<meta name=\"robots\" content=\"index, follow, max-snippet:-1, max-image-preview:large, max-video-preview:-1\" \/>\n<link rel=\"canonical\" href=\"http:\/\/laser-av.com\/en\/cookies-policy\/\" \/>\n<meta property=\"og:locale\" content=\"en_GB\" \/>\n<meta property=\"og:type\" content=\"article\" \/>\n<meta property=\"og:title\" content=\"Cookies Policy - Laser Audiovisuales\" \/>\n<meta property=\"og:description\" content=\"What are cookies? Este sitio web utiliza cookies y\/o tecnolog\u00edas similares que almacenan y recuperan informaci\u00f3n cuando navegas. En general, estas tecnolog\u00edas pueden servir para finalidades muy diversas, como, por ejemplo, reconocerte como usuario, obtener informaci\u00f3n sobre tus h\u00e1bitos de navegaci\u00f3n, o personalizar la forma en que se muestra el contenido. Los usos concretos que [&hellip;]\" \/>\n<meta property=\"og:url\" content=\"http:\/\/laser-av.com\/en\/cookies-policy\/\" \/>\n<meta property=\"og:site_name\" content=\"Laser Audiovisuales\" \/>\n<meta property=\"article:publisher\" content=\"https:\/\/www.facebook.com\/laseraudiovisuales\/\" \/>\n<meta property=\"article:modified_time\" content=\"2023-08-25T07:16:00+00:00\" \/>\n<meta name=\"twitter:card\" content=\"summary_large_image\" \/>\n<meta name=\"twitter:label1\" content=\"Estimated reading time\" \/>\n\t<meta name=\"twitter:data1\" content=\"3 minutes\" \/>\n<script type=\"application\/ld+json\" class=\"yoast-schema-graph\">{\"@context\":\"https:\/\/schema.org\",\"@graph\":[{\"@type\":\"WebPage\",\"@id\":\"http:\/\/laser-av.com\/en\/cookies-policy\/\",\"url\":\"http:\/\/laser-av.com\/en\/cookies-policy\/\",\"name\":\"Cookies Policy - Laser Audiovisuales\",\"isPartOf\":{\"@id\":\"http:\/\/laser-av.com\/en\/#website\"},\"datePublished\":\"2018-10-28T12:02:30+00:00\",\"dateModified\":\"2023-08-25T07:16:00+00:00\",\"breadcrumb\":{\"@id\":\"http:\/\/laser-av.com\/en\/cookies-policy\/#breadcrumb\"},\"inLanguage\":\"en-GB\",\"potentialAction\":[{\"@type\":\"ReadAction\",\"target\":[\"http:\/\/laser-av.com\/en\/cookies-policy\/\"]}]},{\"@type\":\"BreadcrumbList\",\"@id\":\"http:\/\/laser-av.com\/en\/cookies-policy\/#breadcrumb\",\"itemListElement\":[{\"@type\":\"ListItem\",\"position\":1,\"name\":\"Portada\",\"item\":\"https:\/\/laser-av.com\/en\/\"},{\"@type\":\"ListItem\",\"position\":2,\"name\":\"Cookies Policy\"}]},{\"@type\":\"WebSite\",\"@id\":\"http:\/\/laser-av.com\/en\/#website\",\"url\":\"http:\/\/laser-av.com\/en\/\",\"name\":\"Laser Audiovisuales\",\"description\":\"Empresa de Alquiler de Audiovisuales\",\"publisher\":{\"@id\":\"http:\/\/laser-av.com\/en\/#organization\"},\"potentialAction\":[{\"@type\":\"SearchAction\",\"target\":{\"@type\":\"EntryPoint\",\"urlTemplate\":\"http:\/\/laser-av.com\/en\/?s={search_term_string}\"},\"query-input\":\"required name=search_term_string\"}],\"inLanguage\":\"en-GB\"},{\"@type\":\"Organization\",\"@id\":\"http:\/\/laser-av.com\/en\/#organization\",\"name\":\"Laser Audiovisuales\",\"url\":\"http:\/\/laser-av.com\/en\/\",\"logo\":{\"@type\":\"ImageObject\",\"inLanguage\":\"en-GB\",\"@id\":\"http:\/\/laser-av.com\/en\/#\/schema\/logo\/image\/\",\"url\":\"http:\/\/laser-av.com\/wp-content\/uploads\/2019\/07\/logo-laser.png\",\"contentUrl\":\"http:\/\/laser-av.com\/wp-content\/uploads\/2019\/07\/logo-laser.png\",\"width\":731,\"height\":253,\"caption\":\"Laser Audiovisuales\"},\"image\":{\"@id\":\"http:\/\/laser-av.com\/en\/#\/schema\/logo\/image\/\"},\"sameAs\":[\"https:\/\/www.facebook.com\/laseraudiovisuales\/\",\"https:\/\/www.instagram.com\/laseraudiovisuales\/\"]}]}<\/script>\n<!-- \/ Yoast SEO plugin. -->","yoast_head_json":{"title":"Cookies Policy - Laser Audiovisuales","robots":{"index":"index","follow":"follow","max-snippet":"max-snippet:-1","max-image-preview":"max-image-preview:large","max-video-preview":"max-video-preview:-1"},"canonical":"http:\/\/laser-av.com\/en\/cookies-policy\/","og_locale":"en_GB","og_type":"article","og_title":"Cookies Policy - Laser Audiovisuales","og_description":"What are cookies? Este sitio web utiliza cookies y\/o tecnolog\u00edas similares que almacenan y recuperan informaci\u00f3n cuando navegas. En general, estas tecnolog\u00edas pueden servir para finalidades muy diversas, como, por ejemplo, reconocerte como usuario, obtener informaci\u00f3n sobre tus h\u00e1bitos de navegaci\u00f3n, o personalizar la forma en que se muestra el contenido. Los usos concretos que [&hellip;]","og_url":"http:\/\/laser-av.com\/en\/cookies-policy\/","og_site_name":"Laser Audiovisuales","article_publisher":"https:\/\/www.facebook.com\/laseraudiovisuales\/","article_modified_time":"2023-08-25T07:16:00+00:00","twitter_card":"summary_large_image","twitter_misc":{"Estimated reading time":"3 minutes"},"schema":{"@context":"https:\/\/schema.org","@graph":[{"@type":"WebPage","@id":"http:\/\/laser-av.com\/en\/cookies-policy\/","url":"http:\/\/laser-av.com\/en\/cookies-policy\/","name":"Cookies Policy - Laser Audiovisuales","isPartOf":{"@id":"http:\/\/laser-av.com\/en\/#website"},"datePublished":"2018-10-28T12:02:30+00:00","dateModified":"2023-08-25T07:16:00+00:00","breadcrumb":{"@id":"http:\/\/laser-av.com\/en\/cookies-policy\/#breadcrumb"},"inLanguage":"en-GB","potentialAction":[{"@type":"ReadAction","target":["http:\/\/laser-av.com\/en\/cookies-policy\/"]}]},{"@type":"BreadcrumbList","@id":"http:\/\/laser-av.com\/en\/cookies-policy\/#breadcrumb","itemListElement":[{"@type":"ListItem","position":1,"name":"Portada","item":"https:\/\/laser-av.com\/en\/"},{"@type":"ListItem","position":2,"name":"Cookies Policy"}]},{"@type":"WebSite","@id":"http:\/\/laser-av.com\/en\/#website","url":"http:\/\/laser-av.com\/en\/","name":"Laser Audiovisuales","description":"Empresa de Alquiler de Audiovisuales","publisher":{"@id":"http:\/\/laser-av.com\/en\/#organization"},"potentialAction":[{"@type":"SearchAction","target":{"@type":"EntryPoint","urlTemplate":"http:\/\/laser-av.com\/en\/?s={search_term_string}"},"query-input":"required name=search_term_string"}],"inLanguage":"en-GB"},{"@type":"Organization","@id":"http:\/\/laser-av.com\/en\/#organization","name":"Laser Audiovisuales","url":"http:\/\/laser-av.com\/en\/","logo":{"@type":"ImageObject","inLanguage":"en-GB","@id":"http:\/\/laser-av.com\/en\/#\/schema\/logo\/image\/","url":"http:\/\/laser-av.com\/wp-content\/uploads\/2019\/07\/logo-laser.png","contentUrl":"http:\/\/laser-av.com\/wp-content\/uploads\/2019\/07\/logo-laser.png","width":731,"height":253,"caption":"Laser Audiovisuales"},"image":{"@id":"http:\/\/laser-av.com\/en\/#\/schema\/logo\/image\/"},"sameAs":["https:\/\/www.facebook.com\/laseraudiovisuales\/","https:\/\/www.instagram.com\/laseraudiovisuales\/"]}]}},"_links":{"self":[{"href":"http:\/\/laser-av.com\/en\/wp-json\/wp\/v2\/pages\/876"}],"collection":[{"href":"http:\/\/laser-av.com\/en\/wp-json\/wp\/v2\/pages"}],"about":[{"href":"http:\/\/laser-av.com\/en\/wp-json\/wp\/v2\/types\/page"}],"author":[{"embeddable":true,"href":"http:\/\/laser-av.com\/en\/wp-json\/wp\/v2\/users\/3"}],"replies":[{"embeddable":true,"href":"http:\/\/laser-av.com\/en\/wp-json\/wp\/v2\/comments?post=876"}],"version-history":[{"count":5,"href":"http:\/\/laser-av.com\/en\/wp-json\/wp\/v2\/pages\/876\/revisions"}],"predecessor-version":[{"id":2574,"href":"http:\/\/laser-av.com\/en\/wp-json\/wp\/v2\/pages\/876\/revisions\/2574"}],"wp:attachment":[{"href":"http:\/\/laser-av.com\/en\/wp-json\/wp\/v2\/media?parent=876"}],"curies":[{"name":"wp","href":"https:\/\/api.w.org\/{rel}","templated":true}]}}