{"id":845,"date":"2018-10-28T08:46:32","date_gmt":"2018-10-28T08:46:32","guid":{"rendered":"http:\/\/laser-av.com\/?page_id=845"},"modified":"2023-08-25T07:36:55","modified_gmt":"2023-08-25T07:36:55","slug":"avis-legal","status":"publish","type":"page","link":"http:\/\/laser-av.com\/ca\/avis-legal\/","title":{"rendered":"Av\u00eds Legal"},"content":{"rendered":"<p><strong>Objecte<\/strong><\/p>\n<p>El prestador, responsable del lloc web, posa a disposici\u00f3 dels usuaris aquest document amb qu\u00e8 pret\u00e9n donar compliment a les obligacions disposades a la Llei 34\/2002, de Serveis de la Societat de la Informaci\u00f3 i del Comer\u00e7 Electr\u00f2nic (LSSI-CE ), aix\u00ed com informar a tots els usuaris del lloc web respecte a quines s\u00f3n les condicions d\u00fas del lloc web.<\/p>\n<p>L&#8217;acc\u00e9s al lloc web implica sense reserves l&#8217;acceptaci\u00f3 de les presents condicions generals d&#8217;\u00fas que l&#8217;usuari afirma comprendre totalment. L&#8217;usuari es compromet a no utilitzar el lloc web i els serveis que s&#8217;hi ofereixen per a la realitzaci\u00f3 d&#8217;activitats contr\u00e0ries a la llei ia respectar en tot moment les presents condicions generals. El prestador podr\u00e0 interrompre en qualsevol moment l&#8217;acc\u00e9s al vostre lloc web si detecta un \u00fas contrari a la legalitat, la bona fe oa les presents condicions generals.<\/p>\n<p>El prestador es reserva el dret a modificar qualsevol tipus d&#8217;informaci\u00f3 que pogu\u00e9s apar\u00e8ixer al lloc web, sense que hi hagi obligaci\u00f3 de preavisar o posar en coneixement dels usuaris aquestes obligacions, entenent-se com a suficient amb la publicaci\u00f3 al lloc web del prestador.<\/p>\n<p><strong>Sobre el prestador<\/strong><\/p>\n<p>El prestador responsable del lloc web ofereix als usuaris d&#8217;aquest les vostres dades identificatives per tal de millorar la confian\u00e7a de l&#8217;usuari i de les relacions amb aquest.<\/p>\n<p>Denominaci\u00f3 Social: LASER AUDIOVISUALS, S.L.<br \/>\nDomicili Social: Fernando Mugica 13, Pl 1a Pab.5 Donostia Gipuzkoa.<br \/>\nCIF: B75053470<br \/>\nTel\u00e8fon: 943292404<br \/>\nEmail: laser@laser-av.com<br \/>\nNom de domini: http:\/\/laser-av.com\/es\/<\/p>\n<p><strong>Adreces IP<\/strong><\/p>\n<p>Els servidors del lloc web podran detectar autom\u00e0ticament l&#8217;adre\u00e7a IP i el nom de domini utilitzats per l&#8217;usuari. Una adre\u00e7a IP \u00e9s un n\u00famero assignat autom\u00e0ticament a un ordinador quan aquesta es connecta a Internet. Tota aquesta informaci\u00f3 \u00e9s registrada en un fitxer d&#8217;activitat del servidor degudament inscrit que permet el processament posterior de les dades per tal d&#8217;obtenir mesures \u00fanicament estad\u00edstiques que permetin con\u00e8ixer el nombre d&#8217;impressions de p\u00e0gines, el nombre de visites realitzades als serveis web, ordre de visites, punt d&#8217;acc\u00e9s, etc.<\/p>\n<p><strong>Seguretat<\/strong><\/p>\n<p>El prestador ha adoptat totes les mesures t\u00e8cniques i organitzatives necess\u00e0ries per garantir la seguretat i la integritat de les dades de car\u00e0cter personal que tracti, aix\u00ed com per evitar la seva p\u00e8rdua, alteraci\u00f3 i\/o acc\u00e9s per part de tercers no autoritzats. El lloc web utilitza t\u00e8cniques de seguretat de la informaci\u00f3 generalment acceptades a la ind\u00fastria, com ara firewalls, procediments de control d&#8217;acc\u00e9s i mecanismes criptogr\u00e0fics, tot per evitar l&#8217;acc\u00e9s no autoritzat a les dades. Per aconseguir aquestes finalitats, l&#8217;usuari\/client accepta que el prestador obtingui dades per a efectes de la corresponent autenticaci\u00f3 dels controls d&#8217;acc\u00e9s.<\/p>\n<p><strong>Responsabilitat<\/strong><\/p>\n<p>El prestador s&#8217;eximeix de qualsevol tipus de responsabilitat derivada de la informaci\u00f3 publicada al vostre lloc web, sempre que aquesta informaci\u00f3 hagi estat manipulada o introdu\u00efda per un tercer ali\u00e8 al mateix (per exemple, en f\u00f2rums, xats, blocs, comentaris, etc). No obstant aix\u00f2, i en compliment del que disposa la LSSI-CE, el prestador es posa a disposici\u00f3 de tots els usuaris, autoritats i forces de seguretat, per retirar o si escau bloquejar tots aquells continguts que poguessin afectar o contravenir la legislaci\u00f3 nacional o internacional, drets de tercers o la moral i l&#8217;ordre p\u00fablic, posant els fets en coneixement de les autoritats competents si fos necessari.<\/p>\n<p>En cas que l&#8217;usuari consideri que hi ha al lloc web algun contingut que pogu\u00e9s ser susceptible d&#8217;aquesta classificaci\u00f3, es prega que ho notifiqui de manera immediata a l&#8217;administrador del lloc web.<\/p>\n<p>Aquest lloc web ha estat revisat i provat perqu\u00e8 funcioni correctament. En principi, es pot garantir el funcionament correcte els 365 dies de l&#8217;any, 24 hores al dia. Tot i aix\u00f2, el prestador no descarta la possibilitat que hi hagi certs errors de programaci\u00f3, o que esdevinguin causes de for\u00e7a major, cat\u00e0strofes naturals, vagues, o circumst\u00e0ncies semblants que facin impossible l&#8217;acc\u00e9s a la p\u00e0gina web.<\/p>\n<p><strong>Propietat intel\u00b7lectual i industrial<\/strong><\/p>\n<p>El lloc web, incloent-hi a t\u00edtol enunciatiu, per\u00f2 no limitatiu la seva programaci\u00f3, edici\u00f3, compilaci\u00f3 i altres elements necessaris per al seu funcionament, els dissenys, logotips, text i\/o gr\u00e0fics s\u00f3n propietat del prestador del servei o si escau disposa de llic\u00e8ncia o autoritzaci\u00f3 expressa per part dels autors. Tots els continguts del lloc web es troben degudament protegits per la normativa de propietat intel\u00b7lectual i industrial, aix\u00ed com inscrits als registres p\u00fablics corresponents. La reproducci\u00f3 total o parcial, \u00fas, explotaci\u00f3, distribuci\u00f3 i comercialitzaci\u00f3 requereix en tot cas l&#8217;autoritzaci\u00f3 escrita pr\u00e8via per part del prestador. Qualsevol \u00fas no autoritzat pr\u00e8viament per part de l&#8217;autor ser\u00e0 considerat un incompliment greu dels drets de propietat intel\u00b7lectual o industrial de l&#8217;autor.<\/p>\n<p>Els dissenys, logotips, text i\/o gr\u00e0fics aliens al prestador i que poguessin apar\u00e8ixer al lloc web, pertanyen als seus respectius propietaris, sent ells mateixos responsables de qualsevol possible controv\u00e8rsia que pogu\u00e9s suscitar-se respecte a aquests. El prestador reconeix a favor dels seus titulars els corresponents drets de propietat industrial i intel\u00b7lectual, i no implica la seva sola menci\u00f3 o aparici\u00f3 al lloc web l&#8217;exist\u00e8ncia de drets o responsabilitat alguna del prestador sobre aquests, com tampoc suport, patrocini o recomanaci\u00f3 per part del mateix.<\/p>\n<p><strong>Llei aplicable i jurisdicci\u00f3<\/strong><\/p>\n<p>Per a la resoluci\u00f3 de totes les controv\u00e8rsies o q\u00fcestions relacionades amb aquest lloc web o de les activitats que s&#8217;hi desenvolupin, ser\u00e0 aplicable la legislaci\u00f3 espanyola, a la qual se sotmeten expressament les parts, sent competents per a la resoluci\u00f3 de tots els conflictes derivats o relacionats amb el seu \u00fas els Jutjats i Tribunals de Gipuzkoa.<\/p>\n","protected":false},"excerpt":{"rendered":"<p>Objecte El prestador, responsable del lloc web, posa a disposici\u00f3 dels usuaris aquest document amb qu\u00e8 pret\u00e9n donar compliment a les obligacions disposades a la Llei 34\/2002, de Serveis de la Societat de la Informaci\u00f3 i del Comer\u00e7 Electr\u00f2nic (LSSI-CE ), aix\u00ed com informar a tots els usuaris del lloc web respecte a quines s\u00f3n [&hellip;]<\/p>\n","protected":false},"author":3,"featured_media":0,"parent":0,"menu_order":0,"comment_status":"closed","ping_status":"closed","template":"","meta":{"footnotes":""},"class_list":["post-845","page","type-page","status-publish","hentry"],"yoast_head":"<!-- This site is optimized with the Yoast SEO plugin v23.1 - https:\/\/yoast.com\/wordpress\/plugins\/seo\/ -->\n<title>Av\u00eds Legal - Laser Audiovisuales<\/title>\n<meta name=\"robots\" content=\"index, follow, max-snippet:-1, max-image-preview:large, max-video-preview:-1\" \/>\n<link rel=\"canonical\" href=\"http:\/\/laser-av.com\/ca\/avis-legal\/\" \/>\n<meta property=\"og:locale\" content=\"ca_ES\" \/>\n<meta property=\"og:type\" content=\"article\" \/>\n<meta property=\"og:title\" content=\"Av\u00eds Legal - Laser Audiovisuales\" \/>\n<meta property=\"og:description\" content=\"Objecte El prestador, responsable del lloc web, posa a disposici\u00f3 dels usuaris aquest document amb qu\u00e8 pret\u00e9n donar compliment a les obligacions disposades a la Llei 34\/2002, de Serveis de la Societat de la Informaci\u00f3 i del Comer\u00e7 Electr\u00f2nic (LSSI-CE ), aix\u00ed com informar a tots els usuaris del lloc web respecte a quines s\u00f3n [&hellip;]\" \/>\n<meta property=\"og:url\" content=\"http:\/\/laser-av.com\/ca\/avis-legal\/\" \/>\n<meta property=\"og:site_name\" content=\"Laser Audiovisuales\" \/>\n<meta property=\"article:publisher\" content=\"https:\/\/www.facebook.com\/laseraudiovisuales\/\" \/>\n<meta property=\"article:modified_time\" content=\"2023-08-25T07:36:55+00:00\" \/>\n<meta name=\"twitter:card\" content=\"summary_large_image\" \/>\n<meta name=\"twitter:label1\" content=\"Temps estimat de lectura\" \/>\n\t<meta name=\"twitter:data1\" content=\"3 minuts\" \/>\n<script type=\"application\/ld+json\" class=\"yoast-schema-graph\">{\"@context\":\"https:\/\/schema.org\",\"@graph\":[{\"@type\":\"WebPage\",\"@id\":\"http:\/\/laser-av.com\/ca\/avis-legal\/\",\"url\":\"http:\/\/laser-av.com\/ca\/avis-legal\/\",\"name\":\"Av\u00eds Legal - Laser Audiovisuales\",\"isPartOf\":{\"@id\":\"http:\/\/laser-av.com\/ca\/#website\"},\"datePublished\":\"2018-10-28T08:46:32+00:00\",\"dateModified\":\"2023-08-25T07:36:55+00:00\",\"breadcrumb\":{\"@id\":\"http:\/\/laser-av.com\/ca\/avis-legal\/#breadcrumb\"},\"inLanguage\":\"ca\",\"potentialAction\":[{\"@type\":\"ReadAction\",\"target\":[\"http:\/\/laser-av.com\/ca\/avis-legal\/\"]}]},{\"@type\":\"BreadcrumbList\",\"@id\":\"http:\/\/laser-av.com\/ca\/avis-legal\/#breadcrumb\",\"itemListElement\":[{\"@type\":\"ListItem\",\"position\":1,\"name\":\"Portada\",\"item\":\"http:\/\/laser-av.com\/ca\/\"},{\"@type\":\"ListItem\",\"position\":2,\"name\":\"Av\u00eds Legal\"}]},{\"@type\":\"WebSite\",\"@id\":\"http:\/\/laser-av.com\/ca\/#website\",\"url\":\"http:\/\/laser-av.com\/ca\/\",\"name\":\"Laser Audiovisuales\",\"description\":\"Empresa de Alquiler de Audiovisuales\",\"publisher\":{\"@id\":\"http:\/\/laser-av.com\/ca\/#organization\"},\"potentialAction\":[{\"@type\":\"SearchAction\",\"target\":{\"@type\":\"EntryPoint\",\"urlTemplate\":\"http:\/\/laser-av.com\/ca\/?s={search_term_string}\"},\"query-input\":\"required name=search_term_string\"}],\"inLanguage\":\"ca\"},{\"@type\":\"Organization\",\"@id\":\"http:\/\/laser-av.com\/ca\/#organization\",\"name\":\"Laser Audiovisuales\",\"url\":\"http:\/\/laser-av.com\/ca\/\",\"logo\":{\"@type\":\"ImageObject\",\"inLanguage\":\"ca\",\"@id\":\"http:\/\/laser-av.com\/ca\/#\/schema\/logo\/image\/\",\"url\":\"http:\/\/laser-av.com\/wp-content\/uploads\/2019\/07\/logo-laser.png\",\"contentUrl\":\"http:\/\/laser-av.com\/wp-content\/uploads\/2019\/07\/logo-laser.png\",\"width\":731,\"height\":253,\"caption\":\"Laser Audiovisuales\"},\"image\":{\"@id\":\"http:\/\/laser-av.com\/ca\/#\/schema\/logo\/image\/\"},\"sameAs\":[\"https:\/\/www.facebook.com\/laseraudiovisuales\/\",\"https:\/\/www.instagram.com\/laseraudiovisuales\/\"]}]}<\/script>\n<!-- \/ Yoast SEO plugin. -->","yoast_head_json":{"title":"Av\u00eds Legal - Laser Audiovisuales","robots":{"index":"index","follow":"follow","max-snippet":"max-snippet:-1","max-image-preview":"max-image-preview:large","max-video-preview":"max-video-preview:-1"},"canonical":"http:\/\/laser-av.com\/ca\/avis-legal\/","og_locale":"ca_ES","og_type":"article","og_title":"Av\u00eds Legal - Laser Audiovisuales","og_description":"Objecte El prestador, responsable del lloc web, posa a disposici\u00f3 dels usuaris aquest document amb qu\u00e8 pret\u00e9n donar compliment a les obligacions disposades a la Llei 34\/2002, de Serveis de la Societat de la Informaci\u00f3 i del Comer\u00e7 Electr\u00f2nic (LSSI-CE ), aix\u00ed com informar a tots els usuaris del lloc web respecte a quines s\u00f3n [&hellip;]","og_url":"http:\/\/laser-av.com\/ca\/avis-legal\/","og_site_name":"Laser Audiovisuales","article_publisher":"https:\/\/www.facebook.com\/laseraudiovisuales\/","article_modified_time":"2023-08-25T07:36:55+00:00","twitter_card":"summary_large_image","twitter_misc":{"Temps estimat de lectura":"3 minuts"},"schema":{"@context":"https:\/\/schema.org","@graph":[{"@type":"WebPage","@id":"http:\/\/laser-av.com\/ca\/avis-legal\/","url":"http:\/\/laser-av.com\/ca\/avis-legal\/","name":"Av\u00eds Legal - Laser Audiovisuales","isPartOf":{"@id":"http:\/\/laser-av.com\/ca\/#website"},"datePublished":"2018-10-28T08:46:32+00:00","dateModified":"2023-08-25T07:36:55+00:00","breadcrumb":{"@id":"http:\/\/laser-av.com\/ca\/avis-legal\/#breadcrumb"},"inLanguage":"ca","potentialAction":[{"@type":"ReadAction","target":["http:\/\/laser-av.com\/ca\/avis-legal\/"]}]},{"@type":"BreadcrumbList","@id":"http:\/\/laser-av.com\/ca\/avis-legal\/#breadcrumb","itemListElement":[{"@type":"ListItem","position":1,"name":"Portada","item":"http:\/\/laser-av.com\/ca\/"},{"@type":"ListItem","position":2,"name":"Av\u00eds Legal"}]},{"@type":"WebSite","@id":"http:\/\/laser-av.com\/ca\/#website","url":"http:\/\/laser-av.com\/ca\/","name":"Laser Audiovisuales","description":"Empresa de Alquiler de Audiovisuales","publisher":{"@id":"http:\/\/laser-av.com\/ca\/#organization"},"potentialAction":[{"@type":"SearchAction","target":{"@type":"EntryPoint","urlTemplate":"http:\/\/laser-av.com\/ca\/?s={search_term_string}"},"query-input":"required name=search_term_string"}],"inLanguage":"ca"},{"@type":"Organization","@id":"http:\/\/laser-av.com\/ca\/#organization","name":"Laser Audiovisuales","url":"http:\/\/laser-av.com\/ca\/","logo":{"@type":"ImageObject","inLanguage":"ca","@id":"http:\/\/laser-av.com\/ca\/#\/schema\/logo\/image\/","url":"http:\/\/laser-av.com\/wp-content\/uploads\/2019\/07\/logo-laser.png","contentUrl":"http:\/\/laser-av.com\/wp-content\/uploads\/2019\/07\/logo-laser.png","width":731,"height":253,"caption":"Laser Audiovisuales"},"image":{"@id":"http:\/\/laser-av.com\/ca\/#\/schema\/logo\/image\/"},"sameAs":["https:\/\/www.facebook.com\/laseraudiovisuales\/","https:\/\/www.instagram.com\/laseraudiovisuales\/"]}]}},"_links":{"self":[{"href":"http:\/\/laser-av.com\/ca\/wp-json\/wp\/v2\/pages\/845"}],"collection":[{"href":"http:\/\/laser-av.com\/ca\/wp-json\/wp\/v2\/pages"}],"about":[{"href":"http:\/\/laser-av.com\/ca\/wp-json\/wp\/v2\/types\/page"}],"author":[{"embeddable":true,"href":"http:\/\/laser-av.com\/ca\/wp-json\/wp\/v2\/users\/3"}],"replies":[{"embeddable":true,"href":"http:\/\/laser-av.com\/ca\/wp-json\/wp\/v2\/comments?post=845"}],"version-history":[{"count":6,"href":"http:\/\/laser-av.com\/ca\/wp-json\/wp\/v2\/pages\/845\/revisions"}],"predecessor-version":[{"id":2580,"href":"http:\/\/laser-av.com\/ca\/wp-json\/wp\/v2\/pages\/845\/revisions\/2580"}],"wp:attachment":[{"href":"http:\/\/laser-av.com\/ca\/wp-json\/wp\/v2\/media?parent=845"}],"curies":[{"name":"wp","href":"https:\/\/api.w.org\/{rel}","templated":true}]}}