{"id":80,"date":"2018-10-21T17:15:28","date_gmt":"2018-10-21T17:15:28","guid":{"rendered":"http:\/\/laser-av.com\/?page_id=80"},"modified":"2022-11-09T12:47:23","modified_gmt":"2022-11-09T12:47:23","slug":"sobre-nosaltres","status":"publish","type":"page","link":"http:\/\/laser-av.com\/ca\/sobre-nosaltres\/","title":{"rendered":"Sobre Nosaltres"},"content":{"rendered":"&#13;\n<p><strong>Qu\u00e8 \u00e9s L\u00e0ser Audiovisuals<\/strong><\/p>&#13;\n&#13;\n<p>Som una empresa l\u00edder al sector audiovisual, integrada per professionals, dedicada al m\u00f3n de la imatge i del so, que busca oferir als seus clients el millor servei de lloguer de material audiovisual, muntatge d&#8217;esdeveniments i serveis audiovisuals.<\/p>&#13;\n&#13;\n<p>El resultat \u00e9s una experi\u00e8ncia incomparable en organitzar els esdeveniments audiovisuals. No nom\u00e9s per la nostra professionalitat i anys d&#8217;experi\u00e8ncia, sin\u00f3 que, a m\u00e9s, prestem especial atenci\u00f3 a la innovaci\u00f3 (tant a nivell t\u00e8cnic com creatiu) perqu\u00e8 cada projecte tingui un car\u00e0cter nou i nou.<\/p>&#13;\n&#13;\n<p>L\u00e0ser va n\u00e9ixer el 1988 a Sant Sebasti\u00e0 (Guip\u00fascoa), i amb el pas del temps ha ampliat la seva activitat i s&#8217;ha anat adaptant per satisfer totes les necessitats audiovisuals que actualment demanen empreses de tots els sectors.<\/p>&#13;\n&#13;\n<p>Avui dia, segueix oferint una \u00e0mplia gamma d&#8217;equips audiovisuals de lloguer per a la realitzaci\u00f3 d&#8217;esdeveniments amb l&#8217;objectiu de proporcionar un servei de qualitat i professionalitat, per posar un exemple disposa de pantalles de led de 2mm HDR, pantalles de led de 3mm, projectors l\u00e0ser, projectors 4k i Cambres d&#8217;estudi.<\/p>&#13;\n&#13;\n<p>Missi\u00f3: cobrir les necessitats audiovisuals del client, en l&#8217;organitzaci\u00f3 dels seus esdeveniments (fires, congressos, convencions\u2026) de manera personalitzada i innovadora.<\/p>&#13;\n&#13;\n<p>Visi\u00f3: l&#8217;objectiu \u00e9s detectar les necessitats del client, mitjan\u00e7ant una relaci\u00f3 directa amb aquest, comprometent-nos amb les seves necessitats i aconseguint transmetre el resultat desitjat.<\/p>&#13;\n&#13;\n<p>Valors: professionalitat, innovaci\u00f3, qualitat, comprom\u00eds, atenci\u00f3 personalitzada i orientaci\u00f3 a resultats.<\/p>&#13;\n","protected":false},"excerpt":{"rendered":"<p>&#13; Qu\u00e8 \u00e9s L\u00e0ser Audiovisuals &#13; &#13; Som una empresa l\u00edder al sector audiovisual, integrada per professionals, dedicada al m\u00f3n de la imatge i del so, que busca oferir als seus clients el millor servei de lloguer de material audiovisual, muntatge d&#8217;esdeveniments i serveis audiovisuals. &#13; &#13; El resultat \u00e9s una experi\u00e8ncia incomparable en organitzar [&hellip;]<\/p>\n","protected":false},"author":3,"featured_media":0,"parent":0,"menu_order":0,"comment_status":"closed","ping_status":"closed","template":"","meta":{"footnotes":""},"class_list":["post-80","page","type-page","status-publish","hentry"],"yoast_head":"<!-- This site is optimized with the Yoast SEO plugin v23.1 - https:\/\/yoast.com\/wordpress\/plugins\/seo\/ -->\n<title>Empresa Audiovisuals Lloguer Esdeveniments Pantalles de led Sant Sebasti\u00e0<\/title>\n<meta name=\"description\" content=\"Empresa Audiovisuals Lloguer Esdeveniments Pantalles de led Projectors Cambres Broadcast Monitor 98&quot; Monitors Tactiles Streaming\" \/>\n<meta name=\"robots\" content=\"index, follow, max-snippet:-1, max-image-preview:large, max-video-preview:-1\" \/>\n<link rel=\"canonical\" href=\"http:\/\/laser-av.com\/ca\/sobre-nosaltres\/\" \/>\n<meta property=\"og:locale\" content=\"ca_ES\" \/>\n<meta property=\"og:type\" content=\"article\" \/>\n<meta property=\"og:title\" content=\"Empresa Audiovisuals Lloguer Esdeveniments Pantalles de led Sant Sebasti\u00e0\" \/>\n<meta property=\"og:description\" content=\"Empresa Audiovisuals Lloguer Esdeveniments Pantalles de led Projectors Cambres Broadcast Monitor 98&quot; Monitors Tactiles Streaming\" \/>\n<meta property=\"og:url\" content=\"http:\/\/laser-av.com\/ca\/sobre-nosaltres\/\" \/>\n<meta property=\"og:site_name\" content=\"Laser Audiovisuales\" \/>\n<meta property=\"article:publisher\" content=\"https:\/\/www.facebook.com\/laseraudiovisuales\/\" \/>\n<meta property=\"article:modified_time\" content=\"2022-11-09T12:47:23+00:00\" \/>\n<meta name=\"twitter:card\" content=\"summary_large_image\" \/>\n<meta name=\"twitter:label1\" content=\"Temps estimat de lectura\" \/>\n\t<meta name=\"twitter:data1\" content=\"1 minut\" \/>\n<script type=\"application\/ld+json\" class=\"yoast-schema-graph\">{\"@context\":\"https:\/\/schema.org\",\"@graph\":[{\"@type\":\"WebPage\",\"@id\":\"http:\/\/laser-av.com\/ca\/sobre-nosaltres\/\",\"url\":\"http:\/\/laser-av.com\/ca\/sobre-nosaltres\/\",\"name\":\"Empresa Audiovisuals Lloguer Esdeveniments Pantalles de led Sant Sebasti\u00e0\",\"isPartOf\":{\"@id\":\"https:\/\/laser-av.com\/ca\/#website\"},\"datePublished\":\"2018-10-21T17:15:28+00:00\",\"dateModified\":\"2022-11-09T12:47:23+00:00\",\"description\":\"Empresa Audiovisuals Lloguer Esdeveniments Pantalles de led Projectors Cambres Broadcast Monitor 98\\\" Monitors Tactiles Streaming\",\"breadcrumb\":{\"@id\":\"http:\/\/laser-av.com\/ca\/sobre-nosaltres\/#breadcrumb\"},\"inLanguage\":\"ca\",\"potentialAction\":[{\"@type\":\"ReadAction\",\"target\":[\"http:\/\/laser-av.com\/ca\/sobre-nosaltres\/\"]}]},{\"@type\":\"BreadcrumbList\",\"@id\":\"http:\/\/laser-av.com\/ca\/sobre-nosaltres\/#breadcrumb\",\"itemListElement\":[{\"@type\":\"ListItem\",\"position\":1,\"name\":\"Portada\",\"item\":\"https:\/\/laser-av.com\/ca\/\"},{\"@type\":\"ListItem\",\"position\":2,\"name\":\"Sobre Nosaltres\"}]},{\"@type\":\"WebSite\",\"@id\":\"https:\/\/laser-av.com\/ca\/#website\",\"url\":\"https:\/\/laser-av.com\/ca\/\",\"name\":\"Laser Audiovisuales\",\"description\":\"Empresa de Alquiler de Audiovisuales\",\"publisher\":{\"@id\":\"https:\/\/laser-av.com\/ca\/#organization\"},\"potentialAction\":[{\"@type\":\"SearchAction\",\"target\":{\"@type\":\"EntryPoint\",\"urlTemplate\":\"https:\/\/laser-av.com\/ca\/?s={search_term_string}\"},\"query-input\":\"required name=search_term_string\"}],\"inLanguage\":\"ca\"},{\"@type\":\"Organization\",\"@id\":\"https:\/\/laser-av.com\/ca\/#organization\",\"name\":\"Laser Audiovisuales\",\"url\":\"https:\/\/laser-av.com\/ca\/\",\"logo\":{\"@type\":\"ImageObject\",\"inLanguage\":\"ca\",\"@id\":\"https:\/\/laser-av.com\/ca\/#\/schema\/logo\/image\/\",\"url\":\"http:\/\/laser-av.com\/wp-content\/uploads\/2019\/07\/logo-laser.png\",\"contentUrl\":\"http:\/\/laser-av.com\/wp-content\/uploads\/2019\/07\/logo-laser.png\",\"width\":731,\"height\":253,\"caption\":\"Laser Audiovisuales\"},\"image\":{\"@id\":\"https:\/\/laser-av.com\/ca\/#\/schema\/logo\/image\/\"},\"sameAs\":[\"https:\/\/www.facebook.com\/laseraudiovisuales\/\",\"https:\/\/www.instagram.com\/laseraudiovisuales\/\"]}]}<\/script>\n<!-- \/ Yoast SEO plugin. -->","yoast_head_json":{"title":"Empresa Audiovisuals Lloguer Esdeveniments Pantalles de led Sant Sebasti\u00e0","description":"Empresa Audiovisuals Lloguer Esdeveniments Pantalles de led Projectors Cambres Broadcast Monitor 98\" Monitors Tactiles Streaming","robots":{"index":"index","follow":"follow","max-snippet":"max-snippet:-1","max-image-preview":"max-image-preview:large","max-video-preview":"max-video-preview:-1"},"canonical":"http:\/\/laser-av.com\/ca\/sobre-nosaltres\/","og_locale":"ca_ES","og_type":"article","og_title":"Empresa Audiovisuals Lloguer Esdeveniments Pantalles de led Sant Sebasti\u00e0","og_description":"Empresa Audiovisuals Lloguer Esdeveniments Pantalles de led Projectors Cambres Broadcast Monitor 98\" Monitors Tactiles Streaming","og_url":"http:\/\/laser-av.com\/ca\/sobre-nosaltres\/","og_site_name":"Laser Audiovisuales","article_publisher":"https:\/\/www.facebook.com\/laseraudiovisuales\/","article_modified_time":"2022-11-09T12:47:23+00:00","twitter_card":"summary_large_image","twitter_misc":{"Temps estimat de lectura":"1 minut"},"schema":{"@context":"https:\/\/schema.org","@graph":[{"@type":"WebPage","@id":"http:\/\/laser-av.com\/ca\/sobre-nosaltres\/","url":"http:\/\/laser-av.com\/ca\/sobre-nosaltres\/","name":"Empresa Audiovisuals Lloguer Esdeveniments Pantalles de led Sant Sebasti\u00e0","isPartOf":{"@id":"https:\/\/laser-av.com\/ca\/#website"},"datePublished":"2018-10-21T17:15:28+00:00","dateModified":"2022-11-09T12:47:23+00:00","description":"Empresa Audiovisuals Lloguer Esdeveniments Pantalles de led Projectors Cambres Broadcast Monitor 98\" Monitors Tactiles Streaming","breadcrumb":{"@id":"http:\/\/laser-av.com\/ca\/sobre-nosaltres\/#breadcrumb"},"inLanguage":"ca","potentialAction":[{"@type":"ReadAction","target":["http:\/\/laser-av.com\/ca\/sobre-nosaltres\/"]}]},{"@type":"BreadcrumbList","@id":"http:\/\/laser-av.com\/ca\/sobre-nosaltres\/#breadcrumb","itemListElement":[{"@type":"ListItem","position":1,"name":"Portada","item":"https:\/\/laser-av.com\/ca\/"},{"@type":"ListItem","position":2,"name":"Sobre Nosaltres"}]},{"@type":"WebSite","@id":"https:\/\/laser-av.com\/ca\/#website","url":"https:\/\/laser-av.com\/ca\/","name":"Laser Audiovisuales","description":"Empresa de Alquiler de Audiovisuales","publisher":{"@id":"https:\/\/laser-av.com\/ca\/#organization"},"potentialAction":[{"@type":"SearchAction","target":{"@type":"EntryPoint","urlTemplate":"https:\/\/laser-av.com\/ca\/?s={search_term_string}"},"query-input":"required name=search_term_string"}],"inLanguage":"ca"},{"@type":"Organization","@id":"https:\/\/laser-av.com\/ca\/#organization","name":"Laser Audiovisuales","url":"https:\/\/laser-av.com\/ca\/","logo":{"@type":"ImageObject","inLanguage":"ca","@id":"https:\/\/laser-av.com\/ca\/#\/schema\/logo\/image\/","url":"http:\/\/laser-av.com\/wp-content\/uploads\/2019\/07\/logo-laser.png","contentUrl":"http:\/\/laser-av.com\/wp-content\/uploads\/2019\/07\/logo-laser.png","width":731,"height":253,"caption":"Laser Audiovisuales"},"image":{"@id":"https:\/\/laser-av.com\/ca\/#\/schema\/logo\/image\/"},"sameAs":["https:\/\/www.facebook.com\/laseraudiovisuales\/","https:\/\/www.instagram.com\/laseraudiovisuales\/"]}]}},"_links":{"self":[{"href":"http:\/\/laser-av.com\/ca\/wp-json\/wp\/v2\/pages\/80"}],"collection":[{"href":"http:\/\/laser-av.com\/ca\/wp-json\/wp\/v2\/pages"}],"about":[{"href":"http:\/\/laser-av.com\/ca\/wp-json\/wp\/v2\/types\/page"}],"author":[{"embeddable":true,"href":"http:\/\/laser-av.com\/ca\/wp-json\/wp\/v2\/users\/3"}],"replies":[{"embeddable":true,"href":"http:\/\/laser-av.com\/ca\/wp-json\/wp\/v2\/comments?post=80"}],"version-history":[{"count":7,"href":"http:\/\/laser-av.com\/ca\/wp-json\/wp\/v2\/pages\/80\/revisions"}],"predecessor-version":[{"id":2385,"href":"http:\/\/laser-av.com\/ca\/wp-json\/wp\/v2\/pages\/80\/revisions\/2385"}],"wp:attachment":[{"href":"http:\/\/laser-av.com\/ca\/wp-json\/wp\/v2\/media?parent=80"}],"curies":[{"name":"wp","href":"https:\/\/api.w.org\/{rel}","templated":true}]}}