{"id":149,"date":"2018-10-24T13:15:58","date_gmt":"2018-10-24T13:15:58","guid":{"rendered":"http:\/\/laser-av.com\/?page_id=149"},"modified":"2022-11-09T12:16:31","modified_gmt":"2022-11-09T12:16:31","slug":"politica-de-privacitat","status":"publish","type":"page","link":"http:\/\/laser-av.com\/ca\/politica-de-privacitat\/","title":{"rendered":"Pol\u00edtica de privacitat"},"content":{"rendered":"<h2>Qui som<\/h2>\n<p>La direcci\u00f3 de la nostra web \u00e9s: http:\/\/laser-av.com.<\/p>\n<h2>Quins dades personals recollim i per qu\u00e8 les recollim<\/h2>\n<h3>Comentaris<\/h3>\n<p>Quan els visitants deixen comentaris a la web, recopilem les dades que es mostren en el formulari de comentaris, aix\u00ed com l&#8217;adre\u00e7a IP del visitant i la cadena d&#8217;agents d&#8217;usuari del navegador per ajudar a detectar spam.<\/p>\n<p>Una cadena an\u00f2nima creada a partir de l&#8217;adre\u00e7a electr\u00f2nica (tamb\u00e9 anomenada hash) pot ser proporcionada al servei de Gravatar per veure si la est\u00e0 utilitzant. La pol\u00edtica de privacitat del servei Gravatar est\u00e0 disponible aqu\u00ed: https:\/\/automattic.com\/privacy\/. Despr\u00e9s de l&#8217;aprovaci\u00f3 del teu comentari, l&#8217;imatge del teu perfil \u00e9s visible per al p\u00fablic en el context del teu comentari.<\/p>\n<h3>Medis<\/h3>\n<p>Si puja imatges a la web, haur\u00edeu de evitar pujar imatges amb dades d&#8217;ubicaci\u00f3 (GPS EXIF) inclosos. Els visitants de la web poden descarregar i extreure qualsevol dada d&#8217;ubicaci\u00f3 de les imatges de la web.<\/p>\n<h3>Formularis de contacte<\/h3>\n<h3>Cookies<\/h3>\n<p>Si deixes un comentari al nostre lloc pots triar guardar el teu nom, adre\u00e7a de correu electr\u00f2nic i web a galetes. Aix\u00f2 \u00e9s per a la teva comoditat, perqu\u00e8 no hagis de tornar a omplir les teves dades quan deixis un altre comentari. Aquestes galetes tindran una durada d&#8217;un any.<\/p>\n<p>Si tens un compte i et connectes a aquest lloc, instal\u00b7larem una cookie temporal per determinar si el teu navegador accepta cookies. Aquesta galeta no cont\u00e9 dades personals i s&#8217;elimina en tancar el navegador.<\/p>\n<p>Quan inicies sessi\u00f3, tamb\u00e9 instal\u00b7larem m\u00e9s galetes per guardar la teva informaci\u00f3 d&#8217;inici de sessi\u00f3 i les teves opcions de visualitzaci\u00f3 de pantalla. Les galetes d&#8217;inici de sessi\u00f3 duren dos dies, i les galetes d&#8217;opcions de pantalla duren un any. Si selecciones &#8220;Recordar-me&#8221;, el teu inici de sessi\u00f3 perdurar\u00e0 durant dues setmanes. Si surts del teu compte, les galetes d&#8217;inici de sessi\u00f3 s&#8217;eliminaran.<\/p>\n<p>Si edites o publiques un article es guardar\u00e0 una galeta addicional al teu navegador. Aquesta galeta no inclou dades personals i simplement indica l&#8217;ID de l&#8217;article que acabes d&#8217;editar. Caduca despr\u00e9s de 1 dia.<\/p>\n<h3>Contingut incrustat d&#8217;altres llocs web<\/h3>\n<p>Els articles d&#8217;aquest lloc poden incloure contingut incrustat (per exemple, v\u00eddeos, imatges, articles, etc.). El contingut incrustat d&#8217;altres web es comporta exactament de la mateixa manera que si el visitant hagu\u00e9s visitat l&#8217;altra web.<\/p>\n<p>Aquestes web poden recopilar dades sobre tu, utilitzar cookies, incrustar un seguiment addicional de tercers, i supervisar la teva interacci\u00f3 amb aquest contingut incrustat, incl\u00f2s el seguiment del teu interacci\u00f3 amb el contingut incrustat si tens un compte i est\u00e0s connectat a aquesta web.<\/p>\n<h3>Anal\u00edtica<\/h3>\n<h2>Amb qui compartim les teves dades<\/h2>\n<h2>Quant de temps conservem les teves dades<\/h2>\n<p>Si deixes un comentari, el comentari i les seves metadades es conserven indefinidament. Aix\u00f2 \u00e9s perqu\u00e8 puguem recon\u00e8ixer i aprovar comentaris successius autom\u00e0ticament en lloc de mantenir-los en una cua de moderaci\u00f3.<\/p>\n<p>Dels usuaris que es registren a la nostra web (si n&#8217;hi ha), tamb\u00e9 emmagatzemem la informaci\u00f3 personal que proporcionen en el seu perfil d&#8217;usuari. Tots els usuaris poden veure, editar o eliminar la seva informaci\u00f3 personal en qualsevol moment (excepte que no poden canviar el seu nom d&#8217;usuari). Els administradors del web tamb\u00e9 poden veure i editar aquesta informaci\u00f3.<\/p>\n<h2>Quins drets tens sobre les dades<\/h2>\n<p>Si tens un compte o has deixat comentaris en aquesta web, pots demanar rebre un arxiu d&#8217;exportaci\u00f3 de les dades personals que tenim sobre tu, incloent qualsevol dada que ens hagis proporcionat. Tamb\u00e9 pots demanar que eliminem qualsevol dada personal que tinguem sobre tu. Aix\u00f2 no inclou cap dada que estiguem obligats a conservar amb fins administratius, legals o de seguretat.<\/p>\n<h2>On enviem les teves dades<\/h2>\n<p>Els comentaris dels visitants pot ser que els revisi un servei de detecci\u00f3 autom\u00e0tica de spam.<\/p>\n","protected":false},"excerpt":{"rendered":"<p>Qui som La direcci\u00f3 de la nostra web \u00e9s: http:\/\/laser-av.com. Quins dades personals recollim i per qu\u00e8 les recollim Comentaris Quan els visitants deixen comentaris a la web, recopilem les dades que es mostren en el formulari de comentaris, aix\u00ed com l&#8217;adre\u00e7a IP del visitant i la cadena d&#8217;agents d&#8217;usuari del navegador per ajudar a [&hellip;]<\/p>\n","protected":false},"author":3,"featured_media":0,"parent":0,"menu_order":0,"comment_status":"closed","ping_status":"open","template":"","meta":{"footnotes":""},"class_list":["post-149","page","type-page","status-publish","hentry"],"yoast_head":"<!-- This site is optimized with the Yoast SEO plugin v23.1 - https:\/\/yoast.com\/wordpress\/plugins\/seo\/ -->\n<title>Pol\u00edtica de privacitat - Laser Audiovisuales<\/title>\n<meta name=\"robots\" content=\"index, follow, max-snippet:-1, max-image-preview:large, max-video-preview:-1\" \/>\n<link rel=\"canonical\" href=\"http:\/\/laser-av.com\/ca\/politica-de-privacitat\/\" \/>\n<meta property=\"og:locale\" content=\"ca_ES\" \/>\n<meta property=\"og:type\" content=\"article\" \/>\n<meta property=\"og:title\" content=\"Pol\u00edtica de privacitat - Laser Audiovisuales\" \/>\n<meta property=\"og:description\" content=\"Qui som La direcci\u00f3 de la nostra web \u00e9s: http:\/\/laser-av.com. Quins dades personals recollim i per qu\u00e8 les recollim Comentaris Quan els visitants deixen comentaris a la web, recopilem les dades que es mostren en el formulari de comentaris, aix\u00ed com l&#8217;adre\u00e7a IP del visitant i la cadena d&#8217;agents d&#8217;usuari del navegador per ajudar a [&hellip;]\" \/>\n<meta property=\"og:url\" content=\"http:\/\/laser-av.com\/ca\/politica-de-privacitat\/\" \/>\n<meta property=\"og:site_name\" content=\"Laser Audiovisuales\" \/>\n<meta property=\"article:publisher\" content=\"https:\/\/www.facebook.com\/laseraudiovisuales\/\" \/>\n<meta property=\"article:modified_time\" content=\"2022-11-09T12:16:31+00:00\" \/>\n<meta name=\"twitter:card\" content=\"summary_large_image\" \/>\n<meta name=\"twitter:label1\" content=\"Temps estimat de lectura\" \/>\n\t<meta name=\"twitter:data1\" content=\"3 minuts\" \/>\n<script type=\"application\/ld+json\" class=\"yoast-schema-graph\">{\"@context\":\"https:\/\/schema.org\",\"@graph\":[{\"@type\":\"WebPage\",\"@id\":\"http:\/\/laser-av.com\/ca\/politica-de-privacitat\/\",\"url\":\"http:\/\/laser-av.com\/ca\/politica-de-privacitat\/\",\"name\":\"Pol\u00edtica de privacitat - Laser Audiovisuales\",\"isPartOf\":{\"@id\":\"http:\/\/laser-av.com\/ca\/#website\"},\"datePublished\":\"2018-10-24T13:15:58+00:00\",\"dateModified\":\"2022-11-09T12:16:31+00:00\",\"breadcrumb\":{\"@id\":\"http:\/\/laser-av.com\/ca\/politica-de-privacitat\/#breadcrumb\"},\"inLanguage\":\"ca\",\"potentialAction\":[{\"@type\":\"ReadAction\",\"target\":[\"http:\/\/laser-av.com\/ca\/politica-de-privacitat\/\"]}]},{\"@type\":\"BreadcrumbList\",\"@id\":\"http:\/\/laser-av.com\/ca\/politica-de-privacitat\/#breadcrumb\",\"itemListElement\":[{\"@type\":\"ListItem\",\"position\":1,\"name\":\"Portada\",\"item\":\"http:\/\/laser-av.com\/ca\/\"},{\"@type\":\"ListItem\",\"position\":2,\"name\":\"Pol\u00edtica de privacitat\"}]},{\"@type\":\"WebSite\",\"@id\":\"http:\/\/laser-av.com\/ca\/#website\",\"url\":\"http:\/\/laser-av.com\/ca\/\",\"name\":\"Laser Audiovisuales\",\"description\":\"Empresa de Alquiler de Audiovisuales\",\"publisher\":{\"@id\":\"http:\/\/laser-av.com\/ca\/#organization\"},\"potentialAction\":[{\"@type\":\"SearchAction\",\"target\":{\"@type\":\"EntryPoint\",\"urlTemplate\":\"http:\/\/laser-av.com\/ca\/?s={search_term_string}\"},\"query-input\":\"required name=search_term_string\"}],\"inLanguage\":\"ca\"},{\"@type\":\"Organization\",\"@id\":\"http:\/\/laser-av.com\/ca\/#organization\",\"name\":\"Laser Audiovisuales\",\"url\":\"http:\/\/laser-av.com\/ca\/\",\"logo\":{\"@type\":\"ImageObject\",\"inLanguage\":\"ca\",\"@id\":\"http:\/\/laser-av.com\/ca\/#\/schema\/logo\/image\/\",\"url\":\"http:\/\/laser-av.com\/wp-content\/uploads\/2019\/07\/logo-laser.png\",\"contentUrl\":\"http:\/\/laser-av.com\/wp-content\/uploads\/2019\/07\/logo-laser.png\",\"width\":731,\"height\":253,\"caption\":\"Laser Audiovisuales\"},\"image\":{\"@id\":\"http:\/\/laser-av.com\/ca\/#\/schema\/logo\/image\/\"},\"sameAs\":[\"https:\/\/www.facebook.com\/laseraudiovisuales\/\",\"https:\/\/www.instagram.com\/laseraudiovisuales\/\"]}]}<\/script>\n<!-- \/ Yoast SEO plugin. -->","yoast_head_json":{"title":"Pol\u00edtica de privacitat - Laser Audiovisuales","robots":{"index":"index","follow":"follow","max-snippet":"max-snippet:-1","max-image-preview":"max-image-preview:large","max-video-preview":"max-video-preview:-1"},"canonical":"http:\/\/laser-av.com\/ca\/politica-de-privacitat\/","og_locale":"ca_ES","og_type":"article","og_title":"Pol\u00edtica de privacitat - Laser Audiovisuales","og_description":"Qui som La direcci\u00f3 de la nostra web \u00e9s: http:\/\/laser-av.com. Quins dades personals recollim i per qu\u00e8 les recollim Comentaris Quan els visitants deixen comentaris a la web, recopilem les dades que es mostren en el formulari de comentaris, aix\u00ed com l&#8217;adre\u00e7a IP del visitant i la cadena d&#8217;agents d&#8217;usuari del navegador per ajudar a [&hellip;]","og_url":"http:\/\/laser-av.com\/ca\/politica-de-privacitat\/","og_site_name":"Laser Audiovisuales","article_publisher":"https:\/\/www.facebook.com\/laseraudiovisuales\/","article_modified_time":"2022-11-09T12:16:31+00:00","twitter_card":"summary_large_image","twitter_misc":{"Temps estimat de lectura":"3 minuts"},"schema":{"@context":"https:\/\/schema.org","@graph":[{"@type":"WebPage","@id":"http:\/\/laser-av.com\/ca\/politica-de-privacitat\/","url":"http:\/\/laser-av.com\/ca\/politica-de-privacitat\/","name":"Pol\u00edtica de privacitat - Laser Audiovisuales","isPartOf":{"@id":"http:\/\/laser-av.com\/ca\/#website"},"datePublished":"2018-10-24T13:15:58+00:00","dateModified":"2022-11-09T12:16:31+00:00","breadcrumb":{"@id":"http:\/\/laser-av.com\/ca\/politica-de-privacitat\/#breadcrumb"},"inLanguage":"ca","potentialAction":[{"@type":"ReadAction","target":["http:\/\/laser-av.com\/ca\/politica-de-privacitat\/"]}]},{"@type":"BreadcrumbList","@id":"http:\/\/laser-av.com\/ca\/politica-de-privacitat\/#breadcrumb","itemListElement":[{"@type":"ListItem","position":1,"name":"Portada","item":"http:\/\/laser-av.com\/ca\/"},{"@type":"ListItem","position":2,"name":"Pol\u00edtica de privacitat"}]},{"@type":"WebSite","@id":"http:\/\/laser-av.com\/ca\/#website","url":"http:\/\/laser-av.com\/ca\/","name":"Laser Audiovisuales","description":"Empresa de Alquiler de Audiovisuales","publisher":{"@id":"http:\/\/laser-av.com\/ca\/#organization"},"potentialAction":[{"@type":"SearchAction","target":{"@type":"EntryPoint","urlTemplate":"http:\/\/laser-av.com\/ca\/?s={search_term_string}"},"query-input":"required name=search_term_string"}],"inLanguage":"ca"},{"@type":"Organization","@id":"http:\/\/laser-av.com\/ca\/#organization","name":"Laser Audiovisuales","url":"http:\/\/laser-av.com\/ca\/","logo":{"@type":"ImageObject","inLanguage":"ca","@id":"http:\/\/laser-av.com\/ca\/#\/schema\/logo\/image\/","url":"http:\/\/laser-av.com\/wp-content\/uploads\/2019\/07\/logo-laser.png","contentUrl":"http:\/\/laser-av.com\/wp-content\/uploads\/2019\/07\/logo-laser.png","width":731,"height":253,"caption":"Laser Audiovisuales"},"image":{"@id":"http:\/\/laser-av.com\/ca\/#\/schema\/logo\/image\/"},"sameAs":["https:\/\/www.facebook.com\/laseraudiovisuales\/","https:\/\/www.instagram.com\/laseraudiovisuales\/"]}]}},"_links":{"self":[{"href":"http:\/\/laser-av.com\/ca\/wp-json\/wp\/v2\/pages\/149"}],"collection":[{"href":"http:\/\/laser-av.com\/ca\/wp-json\/wp\/v2\/pages"}],"about":[{"href":"http:\/\/laser-av.com\/ca\/wp-json\/wp\/v2\/types\/page"}],"author":[{"embeddable":true,"href":"http:\/\/laser-av.com\/ca\/wp-json\/wp\/v2\/users\/3"}],"replies":[{"embeddable":true,"href":"http:\/\/laser-av.com\/ca\/wp-json\/wp\/v2\/comments?post=149"}],"version-history":[{"count":4,"href":"http:\/\/laser-av.com\/ca\/wp-json\/wp\/v2\/pages\/149\/revisions"}],"predecessor-version":[{"id":1194,"href":"http:\/\/laser-av.com\/ca\/wp-json\/wp\/v2\/pages\/149\/revisions\/1194"}],"wp:attachment":[{"href":"http:\/\/laser-av.com\/ca\/wp-json\/wp\/v2\/media?parent=149"}],"curies":[{"name":"wp","href":"https:\/\/api.w.org\/{rel}","templated":true}]}}