{"id":1330,"date":"2019-08-01T10:44:32","date_gmt":"2019-08-01T10:44:32","guid":{"rendered":"http:\/\/laser-av.com\/?page_id=1330"},"modified":"2024-07-24T10:20:56","modified_gmt":"2024-07-24T10:20:56","slug":"equipaments","status":"publish","type":"page","link":"http:\/\/laser-av.com\/ca\/equipaments\/","title":{"rendered":"Equipament"},"content":{"rendered":"<p>Laser Audiovisuals disposa per al lloguer d&#8217;equip audiovisual les \u00faltimes novetats, com la pantalla de led 2mm HDR, la pantalla de led 3mm amb angle de 90\u00ba, els projectors l\u00e0ser, les c\u00e0meres d&#8217;estudi broadast de fibra \u00f2ptica i els servidors d&#8217;ultima generaci\u00f3 per mapping en 3d.<\/p>\n","protected":false},"excerpt":{"rendered":"<p>Laser Audiovisuals disposa per al lloguer d&#8217;equip audiovisual les \u00faltimes novetats, com la pantalla de led 2mm HDR, la pantalla de led 3mm amb angle de 90\u00ba, els projectors l\u00e0ser, les c\u00e0meres d&#8217;estudi broadast de fibra \u00f2ptica i els servidors d&#8217;ultima generaci\u00f3 per mapping en 3d.<\/p>\n","protected":false},"author":3,"featured_media":1310,"parent":0,"menu_order":0,"comment_status":"closed","ping_status":"closed","template":"page-template-productos.php","meta":{"footnotes":""},"class_list":["post-1330","page","type-page","status-publish","has-post-thumbnail","hentry"],"yoast_head":"<!-- This site is optimized with the Yoast SEO plugin v23.1 - https:\/\/yoast.com\/wordpress\/plugins\/seo\/ -->\n<title>Lloguer Equip Audiovisual- Sant Sebasti\u00e0 Barcelona Bilbao<\/title>\n<meta name=\"description\" content=\"Lloguer d&#039;equips a Audiovisuals Sant Sebasti\u00e0 Barcelona Bilbao Vitoria Projectors Cambres Pantalla de led Esdeveniments\" \/>\n<meta name=\"robots\" content=\"index, follow, max-snippet:-1, max-image-preview:large, max-video-preview:-1\" \/>\n<link rel=\"canonical\" href=\"http:\/\/laser-av.com\/ca\/equipaments\/\" \/>\n<meta property=\"og:locale\" content=\"ca_ES\" \/>\n<meta property=\"og:type\" content=\"article\" \/>\n<meta property=\"og:title\" content=\"Lloguer Equip Audiovisual- Sant Sebasti\u00e0 Barcelona Bilbao\" \/>\n<meta property=\"og:description\" content=\"Lloguer d&#039;equips a Audiovisuals Sant Sebasti\u00e0 Barcelona Bilbao Vitoria Projectors Cambres Pantalla de led Esdeveniments\" \/>\n<meta property=\"og:url\" content=\"http:\/\/laser-av.com\/ca\/equipaments\/\" \/>\n<meta property=\"og:site_name\" content=\"Laser Audiovisuales\" \/>\n<meta property=\"article:publisher\" content=\"https:\/\/www.facebook.com\/laseraudiovisuales\/\" \/>\n<meta property=\"article:modified_time\" content=\"2024-07-24T10:20:56+00:00\" \/>\n<meta property=\"og:image\" content=\"https:\/\/laser-av.com\/wp-content\/uploads\/2018\/10\/ak-hc3500a.jpg\" \/>\n\t<meta property=\"og:image:width\" content=\"2480\" \/>\n\t<meta property=\"og:image:height\" content=\"1508\" \/>\n\t<meta property=\"og:image:type\" content=\"image\/jpeg\" \/>\n<meta name=\"twitter:card\" content=\"summary_large_image\" \/>\n<meta name=\"twitter:label1\" content=\"Temps estimat de lectura\" \/>\n\t<meta name=\"twitter:data1\" content=\"1 minut\" \/>\n<script type=\"application\/ld+json\" class=\"yoast-schema-graph\">{\"@context\":\"https:\/\/schema.org\",\"@graph\":[{\"@type\":\"WebPage\",\"@id\":\"http:\/\/laser-av.com\/ca\/equipaments\/\",\"url\":\"http:\/\/laser-av.com\/ca\/equipaments\/\",\"name\":\"Lloguer Equip Audiovisual- Sant Sebasti\u00e0 Barcelona Bilbao\",\"isPartOf\":{\"@id\":\"http:\/\/laser-av.com\/ca\/#website\"},\"primaryImageOfPage\":{\"@id\":\"http:\/\/laser-av.com\/ca\/equipaments\/#primaryimage\"},\"image\":{\"@id\":\"http:\/\/laser-av.com\/ca\/equipaments\/#primaryimage\"},\"thumbnailUrl\":\"http:\/\/laser-av.com\/wp-content\/uploads\/2018\/10\/ak-hc3500a.jpg\",\"datePublished\":\"2019-08-01T10:44:32+00:00\",\"dateModified\":\"2024-07-24T10:20:56+00:00\",\"description\":\"Lloguer d'equips a Audiovisuals Sant Sebasti\u00e0 Barcelona Bilbao Vitoria Projectors Cambres Pantalla de led Esdeveniments\",\"breadcrumb\":{\"@id\":\"http:\/\/laser-av.com\/ca\/equipaments\/#breadcrumb\"},\"inLanguage\":\"ca\",\"potentialAction\":[{\"@type\":\"ReadAction\",\"target\":[\"http:\/\/laser-av.com\/ca\/equipaments\/\"]}]},{\"@type\":\"ImageObject\",\"inLanguage\":\"ca\",\"@id\":\"http:\/\/laser-av.com\/ca\/equipaments\/#primaryimage\",\"url\":\"http:\/\/laser-av.com\/wp-content\/uploads\/2018\/10\/ak-hc3500a.jpg\",\"contentUrl\":\"http:\/\/laser-av.com\/wp-content\/uploads\/2018\/10\/ak-hc3500a.jpg\",\"width\":2480,\"height\":1508,\"caption\":\"Alquiler Equipo Audiovisual\"},{\"@type\":\"BreadcrumbList\",\"@id\":\"http:\/\/laser-av.com\/ca\/equipaments\/#breadcrumb\",\"itemListElement\":[{\"@type\":\"ListItem\",\"position\":1,\"name\":\"Portada\",\"item\":\"http:\/\/laser-av.com\/ca\/\"},{\"@type\":\"ListItem\",\"position\":2,\"name\":\"Equipament\"}]},{\"@type\":\"WebSite\",\"@id\":\"http:\/\/laser-av.com\/ca\/#website\",\"url\":\"http:\/\/laser-av.com\/ca\/\",\"name\":\"Laser Audiovisuales\",\"description\":\"Empresa de Alquiler de Audiovisuales\",\"publisher\":{\"@id\":\"http:\/\/laser-av.com\/ca\/#organization\"},\"potentialAction\":[{\"@type\":\"SearchAction\",\"target\":{\"@type\":\"EntryPoint\",\"urlTemplate\":\"http:\/\/laser-av.com\/ca\/?s={search_term_string}\"},\"query-input\":\"required name=search_term_string\"}],\"inLanguage\":\"ca\"},{\"@type\":\"Organization\",\"@id\":\"http:\/\/laser-av.com\/ca\/#organization\",\"name\":\"Laser Audiovisuales\",\"url\":\"http:\/\/laser-av.com\/ca\/\",\"logo\":{\"@type\":\"ImageObject\",\"inLanguage\":\"ca\",\"@id\":\"http:\/\/laser-av.com\/ca\/#\/schema\/logo\/image\/\",\"url\":\"http:\/\/laser-av.com\/wp-content\/uploads\/2019\/07\/logo-laser.png\",\"contentUrl\":\"http:\/\/laser-av.com\/wp-content\/uploads\/2019\/07\/logo-laser.png\",\"width\":731,\"height\":253,\"caption\":\"Laser Audiovisuales\"},\"image\":{\"@id\":\"http:\/\/laser-av.com\/ca\/#\/schema\/logo\/image\/\"},\"sameAs\":[\"https:\/\/www.facebook.com\/laseraudiovisuales\/\",\"https:\/\/www.instagram.com\/laseraudiovisuales\/\"]}]}<\/script>\n<!-- \/ Yoast SEO plugin. -->","yoast_head_json":{"title":"Lloguer Equip Audiovisual- Sant Sebasti\u00e0 Barcelona Bilbao","description":"Lloguer d'equips a Audiovisuals Sant Sebasti\u00e0 Barcelona Bilbao Vitoria Projectors Cambres Pantalla de led Esdeveniments","robots":{"index":"index","follow":"follow","max-snippet":"max-snippet:-1","max-image-preview":"max-image-preview:large","max-video-preview":"max-video-preview:-1"},"canonical":"http:\/\/laser-av.com\/ca\/equipaments\/","og_locale":"ca_ES","og_type":"article","og_title":"Lloguer Equip Audiovisual- Sant Sebasti\u00e0 Barcelona Bilbao","og_description":"Lloguer d'equips a Audiovisuals Sant Sebasti\u00e0 Barcelona Bilbao Vitoria Projectors Cambres Pantalla de led Esdeveniments","og_url":"http:\/\/laser-av.com\/ca\/equipaments\/","og_site_name":"Laser Audiovisuales","article_publisher":"https:\/\/www.facebook.com\/laseraudiovisuales\/","article_modified_time":"2024-07-24T10:20:56+00:00","og_image":[{"width":2480,"height":1508,"url":"https:\/\/laser-av.com\/wp-content\/uploads\/2018\/10\/ak-hc3500a.jpg","type":"image\/jpeg"}],"twitter_card":"summary_large_image","twitter_misc":{"Temps estimat de lectura":"1 minut"},"schema":{"@context":"https:\/\/schema.org","@graph":[{"@type":"WebPage","@id":"http:\/\/laser-av.com\/ca\/equipaments\/","url":"http:\/\/laser-av.com\/ca\/equipaments\/","name":"Lloguer Equip Audiovisual- Sant Sebasti\u00e0 Barcelona Bilbao","isPartOf":{"@id":"http:\/\/laser-av.com\/ca\/#website"},"primaryImageOfPage":{"@id":"http:\/\/laser-av.com\/ca\/equipaments\/#primaryimage"},"image":{"@id":"http:\/\/laser-av.com\/ca\/equipaments\/#primaryimage"},"thumbnailUrl":"http:\/\/laser-av.com\/wp-content\/uploads\/2018\/10\/ak-hc3500a.jpg","datePublished":"2019-08-01T10:44:32+00:00","dateModified":"2024-07-24T10:20:56+00:00","description":"Lloguer d'equips a Audiovisuals Sant Sebasti\u00e0 Barcelona Bilbao Vitoria Projectors Cambres Pantalla de led Esdeveniments","breadcrumb":{"@id":"http:\/\/laser-av.com\/ca\/equipaments\/#breadcrumb"},"inLanguage":"ca","potentialAction":[{"@type":"ReadAction","target":["http:\/\/laser-av.com\/ca\/equipaments\/"]}]},{"@type":"ImageObject","inLanguage":"ca","@id":"http:\/\/laser-av.com\/ca\/equipaments\/#primaryimage","url":"http:\/\/laser-av.com\/wp-content\/uploads\/2018\/10\/ak-hc3500a.jpg","contentUrl":"http:\/\/laser-av.com\/wp-content\/uploads\/2018\/10\/ak-hc3500a.jpg","width":2480,"height":1508,"caption":"Alquiler Equipo Audiovisual"},{"@type":"BreadcrumbList","@id":"http:\/\/laser-av.com\/ca\/equipaments\/#breadcrumb","itemListElement":[{"@type":"ListItem","position":1,"name":"Portada","item":"http:\/\/laser-av.com\/ca\/"},{"@type":"ListItem","position":2,"name":"Equipament"}]},{"@type":"WebSite","@id":"http:\/\/laser-av.com\/ca\/#website","url":"http:\/\/laser-av.com\/ca\/","name":"Laser Audiovisuales","description":"Empresa de Alquiler de Audiovisuales","publisher":{"@id":"http:\/\/laser-av.com\/ca\/#organization"},"potentialAction":[{"@type":"SearchAction","target":{"@type":"EntryPoint","urlTemplate":"http:\/\/laser-av.com\/ca\/?s={search_term_string}"},"query-input":"required name=search_term_string"}],"inLanguage":"ca"},{"@type":"Organization","@id":"http:\/\/laser-av.com\/ca\/#organization","name":"Laser Audiovisuales","url":"http:\/\/laser-av.com\/ca\/","logo":{"@type":"ImageObject","inLanguage":"ca","@id":"http:\/\/laser-av.com\/ca\/#\/schema\/logo\/image\/","url":"http:\/\/laser-av.com\/wp-content\/uploads\/2019\/07\/logo-laser.png","contentUrl":"http:\/\/laser-av.com\/wp-content\/uploads\/2019\/07\/logo-laser.png","width":731,"height":253,"caption":"Laser Audiovisuales"},"image":{"@id":"http:\/\/laser-av.com\/ca\/#\/schema\/logo\/image\/"},"sameAs":["https:\/\/www.facebook.com\/laseraudiovisuales\/","https:\/\/www.instagram.com\/laseraudiovisuales\/"]}]}},"_links":{"self":[{"href":"http:\/\/laser-av.com\/ca\/wp-json\/wp\/v2\/pages\/1330"}],"collection":[{"href":"http:\/\/laser-av.com\/ca\/wp-json\/wp\/v2\/pages"}],"about":[{"href":"http:\/\/laser-av.com\/ca\/wp-json\/wp\/v2\/types\/page"}],"author":[{"embeddable":true,"href":"http:\/\/laser-av.com\/ca\/wp-json\/wp\/v2\/users\/3"}],"replies":[{"embeddable":true,"href":"http:\/\/laser-av.com\/ca\/wp-json\/wp\/v2\/comments?post=1330"}],"version-history":[{"count":2,"href":"http:\/\/laser-av.com\/ca\/wp-json\/wp\/v2\/pages\/1330\/revisions"}],"predecessor-version":[{"id":2378,"href":"http:\/\/laser-av.com\/ca\/wp-json\/wp\/v2\/pages\/1330\/revisions\/2378"}],"wp:featuredmedia":[{"embeddable":true,"href":"http:\/\/laser-av.com\/ca\/wp-json\/wp\/v2\/media\/1310"}],"wp:attachment":[{"href":"http:\/\/laser-av.com\/ca\/wp-json\/wp\/v2\/media?parent=1330"}],"curies":[{"name":"wp","href":"https:\/\/api.w.org\/{rel}","templated":true}]}}